{"id":1476,"date":"2020-01-19T10:25:57","date_gmt":"2020-01-19T14:25:57","guid":{"rendered":"http:\/\/gadllacao.gob.ec\/azuay\/?page_id=1476"},"modified":"2021-07-27T19:10:38","modified_gmt":"2021-07-27T23:10:38","slug":"rendicion-de-cuentas-2020","status":"publish","type":"page","link":"https:\/\/gadllacao.gob.ec\/azuay\/rendicion-de-cuentas-2020\/","title":{"rendered":"Rendici\u00f3n de Cuentas 2020"},"content":{"rendered":"<p><iframe loading=\"lazy\" style=\"border: none; overflow: hidden;\" src=\"https:\/\/www.facebook.com\/plugins\/video.php?height=314&amp;href=https%3A%2F%2Fwww.facebook.com%2F110001457054571%2Fvideos%2F1797073253834414%2F&amp;show_text=false&amp;width=560&amp;t=0\" width=\"560\" height=\"314\" frameborder=\"0\" scrolling=\"no\" allowfullscreen=\"allowfullscreen\"><\/iframe><\/p>\n<p><a href=\"https:\/\/gadllacao.gob.ec\/azuay\/wp-content\/uploads\/2021\/07\/RENDICION-DE-CUENTAS-2020_compressed.pdf\">RENDICI\u00d3N DE CUENTAS 2020<\/a><\/p>\n<p><a href=\"https:\/\/gadllacao.gob.ec\/azuay\/wp-content\/uploads\/2021\/07\/FORMULARIO-DE-RENDICION-DE-CUENTAS-2020.xlsx\">FORMULARIO DE RENDICION DE CUENTAS 2020<\/a><\/p>\n<p><a href=\"https:\/\/gadllacao.gob.ec\/azuay\/wp-content\/uploads\/2021\/07\/FORMULARIO-DE-RENDICION-DE-CUENTAS-2020.xlsx\">FORMULARIO DE RENDICION DE CUENTAS 2020<\/a><\/p>\n<p><a href=\"https:\/\/gadllacao.gob.ec\/azuay\/wp-content\/uploads\/2021\/06\/Rendicion-de-cuentas-sRA.-Miriam-Llivisaca.xlsx\">Rendici\u00f3n de cuentas Sra. Miriam Llivisaca<\/a><\/p>\n<p><a href=\"https:\/\/gadllacao.gob.ec\/azuay\/wp-content\/uploads\/2021\/06\/Formularios_autoridades-de-eleccion-popular-Arq.-Walter-Quito.xls\">Formularios_autoridades de eleccion popular Arq. Walter Quito<\/a><\/p>\n<p><a href=\"https:\/\/gadllacao.gob.ec\/azuay\/wp-content\/uploads\/2021\/06\/Rendicion-de-Cuentas-Lcda.-Angelica-Gusnay.xls\">Rendici\u00f3n de Cuentas Lcda. Angelica Gus\u00f1ay<\/a><\/p>\n<p><a href=\"https:\/\/gadllacao.gob.ec\/azuay\/wp-content\/uploads\/2021\/07\/FORMULARIO-DE-RENDICION-DE-CUENTAS-SR.-POLIVIO-CUSCO-2020.xlsx\">FORMULARIO DE RENDICION DE CUENTAS SR. POLIVIO CUSCO 2020<\/a><\/p>\n<p><a href=\"https:\/\/gadllacao.gob.ec\/azuay\/wp-content\/uploads\/2021\/06\/REPORTE-SIGAD-2020.pdf\" rel=\"attachment wp-att-2091\">REPORTE SIGAD 2020<\/a><\/p>\n<p><a href=\"https:\/\/gadllacao.gob.ec\/azuay\/wp-content\/uploads\/2021\/07\/CONSULTAS-DE-LA-CIUDADANIA-2020.pdf\" rel=\"attachment wp-att-2197\">CONSULTAS DE LA CIUDADANIA 2020<\/a><\/p>\n<p><a href=\"https:\/\/gadllacao.gob.ec\/azuay\/wp-content\/uploads\/2021\/07\/RESPUESTAS-RENDICION-DE-CUENTAS-2020.pdf\" rel=\"attachment wp-att-2174\">RESPUESTAS RENDICION DE CUENTAS 2020<\/a><\/p>\n<p><a href=\"https:\/\/gadllacao.gob.ec\/azuay\/wp-content\/uploads\/2021\/07\/DOCUMENTOS-DE-RENDICION-DE-CUENTAS-2020.pdf\">DOCUMENTOS DE RENDICION DE CUENTAS 2020<\/a><\/p>\n<p><a href=\"https:\/\/gadllacao.gob.ec\/azuay\/wp-content\/uploads\/2021\/07\/ACTA-CONFORMACION-EQUIPO-MIXTO.pdf\" rel=\"attachment wp-att-2186\">ACTA CONFORMACION EQUIPO MIXTO<\/a><\/p>\n<p><a href=\"https:\/\/gadllacao.gob.ec\/azuay\/wp-content\/uploads\/2021\/07\/FORMULARIO-DE-RENDICION-DE-CUENTAS-2020-PRESIDENTE.xlsx\">FORMULARIO DE RENDICION DE CUENTAS 2020 PRESIDENTE<\/a><\/p>\n<p>&nbsp;<\/p>\n<p><a href=\"https:\/\/gadllacao.gob.ec\/azuay\/whatsapp-image-2021-06-26-at-6-10-54-pm\/\"><img loading=\"lazy\" decoding=\"async\" class=\"alignnone wp-image-2123\" src=\"https:\/\/gadllacao.gob.ec\/azuay\/wp-content\/uploads\/2021\/06\/WhatsApp-Image-2021-06-26-at-6.10.54-PM.jpeg\" alt=\"INVITACION RENDICION DE CUENTAS \" width=\"447\" height=\"317\" srcset=\"https:\/\/gadllacao.gob.ec\/azuay\/wp-content\/uploads\/2021\/06\/WhatsApp-Image-2021-06-26-at-6.10.54-PM.jpeg 1280w, https:\/\/gadllacao.gob.ec\/azuay\/wp-content\/uploads\/2021\/06\/WhatsApp-Image-2021-06-26-at-6.10.54-PM-300x213.jpeg 300w, https:\/\/gadllacao.gob.ec\/azuay\/wp-content\/uploads\/2021\/06\/WhatsApp-Image-2021-06-26-at-6.10.54-PM-1024x726.jpeg 1024w, https:\/\/gadllacao.gob.ec\/azuay\/wp-content\/uploads\/2021\/06\/WhatsApp-Image-2021-06-26-at-6.10.54-PM-768x545.jpeg 768w\" sizes=\"auto, (max-width: 447px) 100vw, 447px\" \/><\/a><\/p>\n<p>&nbsp;<\/p>\n","protected":false},"excerpt":{"rendered":"<p>RENDICI\u00d3N DE CUENTAS 2020 FORMULARIO DE RENDICION DE CUENTAS 2020 FORMULARIO DE RENDICION DE CUENTAS 2020 Rendici\u00f3n de cuentas Sra. Miriam Llivisaca Formularios_autoridades de eleccion popular Arq. Walter Quito Rendici\u00f3n de Cuentas Lcda. Angelica Gus\u00f1ay FORMULARIO DE RENDICION DE CUENTAS SR. POLIVIO CUSCO 2020 REPORTE SIGAD 2020 CONSULTAS DE LA CIUDADANIA 2020 RESPUESTAS RENDICION DE [&hellip;]<\/p>\n","protected":false},"author":7,"featured_media":0,"parent":0,"menu_order":0,"comment_status":"closed","ping_status":"closed","template":"","meta":{"footnotes":""},"class_list":["post-1476","page","type-page","status-publish","hentry"],"yoast_head":"<!-- This site is optimized with the Yoast SEO plugin v24.1 - https:\/\/yoast.com\/wordpress\/plugins\/seo\/ -->\n<title>Rendici\u00f3n de Cuentas 2020 - GAD parroquial Llacao<\/title>\n<meta name=\"robots\" content=\"index, follow, max-snippet:-1, max-image-preview:large, max-video-preview:-1\" \/>\n<link rel=\"canonical\" href=\"https:\/\/gadllacao.gob.ec\/azuay\/rendicion-de-cuentas-2020\/\" \/>\n<meta property=\"og:locale\" content=\"es_ES\" \/>\n<meta property=\"og:type\" content=\"article\" \/>\n<meta property=\"og:title\" content=\"Rendici\u00f3n de Cuentas 2020 - GAD parroquial Llacao\" \/>\n<meta property=\"og:description\" content=\"RENDICI\u00d3N DE CUENTAS 2020 FORMULARIO DE RENDICION DE CUENTAS 2020 FORMULARIO DE RENDICION DE CUENTAS 2020 Rendici\u00f3n de cuentas Sra. Miriam Llivisaca Formularios_autoridades de eleccion popular Arq. Walter Quito Rendici\u00f3n de Cuentas Lcda. Angelica Gus\u00f1ay FORMULARIO DE RENDICION DE CUENTAS SR. POLIVIO CUSCO 2020 REPORTE SIGAD 2020 CONSULTAS DE LA CIUDADANIA 2020 RESPUESTAS RENDICION DE [&hellip;]\" \/>\n<meta property=\"og:url\" content=\"https:\/\/gadllacao.gob.ec\/azuay\/rendicion-de-cuentas-2020\/\" \/>\n<meta property=\"og:site_name\" content=\"GAD parroquial Llacao\" \/>\n<meta property=\"article:modified_time\" content=\"2021-07-27T23:10:38+00:00\" \/>\n<meta property=\"og:image\" content=\"https:\/\/gadllacao.gob.ec\/azuay\/wp-content\/uploads\/2021\/06\/WhatsApp-Image-2021-06-26-at-6.10.54-PM.jpeg\" \/>\n<meta name=\"twitter:card\" content=\"summary_large_image\" \/>\n<meta name=\"twitter:label1\" content=\"Tiempo de lectura\" \/>\n\t<meta name=\"twitter:data1\" content=\"1 minuto\" \/>\n<script type=\"application\/ld+json\" class=\"yoast-schema-graph\">{\"@context\":\"https:\/\/schema.org\",\"@graph\":[{\"@type\":\"WebPage\",\"@id\":\"https:\/\/gadllacao.gob.ec\/azuay\/rendicion-de-cuentas-2020\/\",\"url\":\"https:\/\/gadllacao.gob.ec\/azuay\/rendicion-de-cuentas-2020\/\",\"name\":\"Rendici\u00f3n de Cuentas 2020 - GAD parroquial Llacao\",\"isPartOf\":{\"@id\":\"https:\/\/gadllacao.gob.ec\/azuay\/#website\"},\"primaryImageOfPage\":{\"@id\":\"https:\/\/gadllacao.gob.ec\/azuay\/rendicion-de-cuentas-2020\/#primaryimage\"},\"image\":{\"@id\":\"https:\/\/gadllacao.gob.ec\/azuay\/rendicion-de-cuentas-2020\/#primaryimage\"},\"thumbnailUrl\":\"https:\/\/gadllacao.gob.ec\/azuay\/wp-content\/uploads\/2021\/06\/WhatsApp-Image-2021-06-26-at-6.10.54-PM.jpeg\",\"datePublished\":\"2020-01-19T14:25:57+00:00\",\"dateModified\":\"2021-07-27T23:10:38+00:00\",\"breadcrumb\":{\"@id\":\"https:\/\/gadllacao.gob.ec\/azuay\/rendicion-de-cuentas-2020\/#breadcrumb\"},\"inLanguage\":\"es\",\"potentialAction\":[{\"@type\":\"ReadAction\",\"target\":[\"https:\/\/gadllacao.gob.ec\/azuay\/rendicion-de-cuentas-2020\/\"]}]},{\"@type\":\"ImageObject\",\"inLanguage\":\"es\",\"@id\":\"https:\/\/gadllacao.gob.ec\/azuay\/rendicion-de-cuentas-2020\/#primaryimage\",\"url\":\"https:\/\/gadllacao.gob.ec\/azuay\/wp-content\/uploads\/2021\/06\/WhatsApp-Image-2021-06-26-at-6.10.54-PM.jpeg\",\"contentUrl\":\"https:\/\/gadllacao.gob.ec\/azuay\/wp-content\/uploads\/2021\/06\/WhatsApp-Image-2021-06-26-at-6.10.54-PM.jpeg\",\"width\":1280,\"height\":908,\"caption\":\"INVITACION RENDICION DE CUENTAS\"},{\"@type\":\"BreadcrumbList\",\"@id\":\"https:\/\/gadllacao.gob.ec\/azuay\/rendicion-de-cuentas-2020\/#breadcrumb\",\"itemListElement\":[{\"@type\":\"ListItem\",\"position\":1,\"name\":\"Portada\",\"item\":\"https:\/\/gadllacao.gob.ec\/azuay\/\"},{\"@type\":\"ListItem\",\"position\":2,\"name\":\"Rendici\u00f3n de Cuentas 2020\"}]},{\"@type\":\"WebSite\",\"@id\":\"https:\/\/gadllacao.gob.ec\/azuay\/#website\",\"url\":\"https:\/\/gadllacao.gob.ec\/azuay\/\",\"name\":\"GAD parroquial Llacao\",\"description\":\"Sitio Oficial del GAD Parroquial Mariano Moreno Azuay\",\"publisher\":{\"@id\":\"https:\/\/gadllacao.gob.ec\/azuay\/#organization\"},\"potentialAction\":[{\"@type\":\"SearchAction\",\"target\":{\"@type\":\"EntryPoint\",\"urlTemplate\":\"https:\/\/gadllacao.gob.ec\/azuay\/?s={search_term_string}\"},\"query-input\":{\"@type\":\"PropertyValueSpecification\",\"valueRequired\":true,\"valueName\":\"search_term_string\"}}],\"inLanguage\":\"es\"},{\"@type\":\"Organization\",\"@id\":\"https:\/\/gadllacao.gob.ec\/azuay\/#organization\",\"name\":\"GAD Llacao Azuay\",\"url\":\"https:\/\/gadllacao.gob.ec\/azuay\/\",\"logo\":{\"@type\":\"ImageObject\",\"inLanguage\":\"es\",\"@id\":\"https:\/\/gadllacao.gob.ec\/azuay\/#\/schema\/logo\/image\/\",\"url\":\"https:\/\/gadllacao.gob.ec\/azuay\/wp-content\/uploads\/2020\/06\/logoFooter.png\",\"contentUrl\":\"https:\/\/gadllacao.gob.ec\/azuay\/wp-content\/uploads\/2020\/06\/logoFooter.png\",\"width\":200,\"height\":150,\"caption\":\"GAD Llacao Azuay\"},\"image\":{\"@id\":\"https:\/\/gadllacao.gob.ec\/azuay\/#\/schema\/logo\/image\/\"}}]}<\/script>\n<!-- \/ Yoast SEO plugin. -->","yoast_head_json":{"title":"Rendici\u00f3n de Cuentas 2020 - GAD parroquial Llacao","robots":{"index":"index","follow":"follow","max-snippet":"max-snippet:-1","max-image-preview":"max-image-preview:large","max-video-preview":"max-video-preview:-1"},"canonical":"https:\/\/gadllacao.gob.ec\/azuay\/rendicion-de-cuentas-2020\/","og_locale":"es_ES","og_type":"article","og_title":"Rendici\u00f3n de Cuentas 2020 - GAD parroquial Llacao","og_description":"RENDICI\u00d3N DE CUENTAS 2020 FORMULARIO DE RENDICION DE CUENTAS 2020 FORMULARIO DE RENDICION DE CUENTAS 2020 Rendici\u00f3n de cuentas Sra. Miriam Llivisaca Formularios_autoridades de eleccion popular Arq. Walter Quito Rendici\u00f3n de Cuentas Lcda. Angelica Gus\u00f1ay FORMULARIO DE RENDICION DE CUENTAS SR. POLIVIO CUSCO 2020 REPORTE SIGAD 2020 CONSULTAS DE LA CIUDADANIA 2020 RESPUESTAS RENDICION DE [&hellip;]","og_url":"https:\/\/gadllacao.gob.ec\/azuay\/rendicion-de-cuentas-2020\/","og_site_name":"GAD parroquial Llacao","article_modified_time":"2021-07-27T23:10:38+00:00","og_image":[{"url":"https:\/\/gadllacao.gob.ec\/azuay\/wp-content\/uploads\/2021\/06\/WhatsApp-Image-2021-06-26-at-6.10.54-PM.jpeg","type":"","width":"","height":""}],"twitter_card":"summary_large_image","twitter_misc":{"Tiempo de lectura":"1 minuto"},"schema":{"@context":"https:\/\/schema.org","@graph":[{"@type":"WebPage","@id":"https:\/\/gadllacao.gob.ec\/azuay\/rendicion-de-cuentas-2020\/","url":"https:\/\/gadllacao.gob.ec\/azuay\/rendicion-de-cuentas-2020\/","name":"Rendici\u00f3n de Cuentas 2020 - GAD parroquial Llacao","isPartOf":{"@id":"https:\/\/gadllacao.gob.ec\/azuay\/#website"},"primaryImageOfPage":{"@id":"https:\/\/gadllacao.gob.ec\/azuay\/rendicion-de-cuentas-2020\/#primaryimage"},"image":{"@id":"https:\/\/gadllacao.gob.ec\/azuay\/rendicion-de-cuentas-2020\/#primaryimage"},"thumbnailUrl":"https:\/\/gadllacao.gob.ec\/azuay\/wp-content\/uploads\/2021\/06\/WhatsApp-Image-2021-06-26-at-6.10.54-PM.jpeg","datePublished":"2020-01-19T14:25:57+00:00","dateModified":"2021-07-27T23:10:38+00:00","breadcrumb":{"@id":"https:\/\/gadllacao.gob.ec\/azuay\/rendicion-de-cuentas-2020\/#breadcrumb"},"inLanguage":"es","potentialAction":[{"@type":"ReadAction","target":["https:\/\/gadllacao.gob.ec\/azuay\/rendicion-de-cuentas-2020\/"]}]},{"@type":"ImageObject","inLanguage":"es","@id":"https:\/\/gadllacao.gob.ec\/azuay\/rendicion-de-cuentas-2020\/#primaryimage","url":"https:\/\/gadllacao.gob.ec\/azuay\/wp-content\/uploads\/2021\/06\/WhatsApp-Image-2021-06-26-at-6.10.54-PM.jpeg","contentUrl":"https:\/\/gadllacao.gob.ec\/azuay\/wp-content\/uploads\/2021\/06\/WhatsApp-Image-2021-06-26-at-6.10.54-PM.jpeg","width":1280,"height":908,"caption":"INVITACION RENDICION DE CUENTAS"},{"@type":"BreadcrumbList","@id":"https:\/\/gadllacao.gob.ec\/azuay\/rendicion-de-cuentas-2020\/#breadcrumb","itemListElement":[{"@type":"ListItem","position":1,"name":"Portada","item":"https:\/\/gadllacao.gob.ec\/azuay\/"},{"@type":"ListItem","position":2,"name":"Rendici\u00f3n de Cuentas 2020"}]},{"@type":"WebSite","@id":"https:\/\/gadllacao.gob.ec\/azuay\/#website","url":"https:\/\/gadllacao.gob.ec\/azuay\/","name":"GAD parroquial Llacao","description":"Sitio Oficial del GAD Parroquial Mariano Moreno Azuay","publisher":{"@id":"https:\/\/gadllacao.gob.ec\/azuay\/#organization"},"potentialAction":[{"@type":"SearchAction","target":{"@type":"EntryPoint","urlTemplate":"https:\/\/gadllacao.gob.ec\/azuay\/?s={search_term_string}"},"query-input":{"@type":"PropertyValueSpecification","valueRequired":true,"valueName":"search_term_string"}}],"inLanguage":"es"},{"@type":"Organization","@id":"https:\/\/gadllacao.gob.ec\/azuay\/#organization","name":"GAD Llacao Azuay","url":"https:\/\/gadllacao.gob.ec\/azuay\/","logo":{"@type":"ImageObject","inLanguage":"es","@id":"https:\/\/gadllacao.gob.ec\/azuay\/#\/schema\/logo\/image\/","url":"https:\/\/gadllacao.gob.ec\/azuay\/wp-content\/uploads\/2020\/06\/logoFooter.png","contentUrl":"https:\/\/gadllacao.gob.ec\/azuay\/wp-content\/uploads\/2020\/06\/logoFooter.png","width":200,"height":150,"caption":"GAD Llacao Azuay"},"image":{"@id":"https:\/\/gadllacao.gob.ec\/azuay\/#\/schema\/logo\/image\/"}}]}},"_links":{"self":[{"href":"https:\/\/gadllacao.gob.ec\/azuay\/wp-json\/wp\/v2\/pages\/1476","targetHints":{"allow":["GET"]}}],"collection":[{"href":"https:\/\/gadllacao.gob.ec\/azuay\/wp-json\/wp\/v2\/pages"}],"about":[{"href":"https:\/\/gadllacao.gob.ec\/azuay\/wp-json\/wp\/v2\/types\/page"}],"author":[{"embeddable":true,"href":"https:\/\/gadllacao.gob.ec\/azuay\/wp-json\/wp\/v2\/users\/7"}],"replies":[{"embeddable":true,"href":"https:\/\/gadllacao.gob.ec\/azuay\/wp-json\/wp\/v2\/comments?post=1476"}],"version-history":[{"count":32,"href":"https:\/\/gadllacao.gob.ec\/azuay\/wp-json\/wp\/v2\/pages\/1476\/revisions"}],"predecessor-version":[{"id":2206,"href":"https:\/\/gadllacao.gob.ec\/azuay\/wp-json\/wp\/v2\/pages\/1476\/revisions\/2206"}],"wp:attachment":[{"href":"https:\/\/gadllacao.gob.ec\/azuay\/wp-json\/wp\/v2\/media?parent=1476"}],"curies":[{"name":"wp","href":"https:\/\/api.w.org\/{rel}","templated":true}]}}