{"id":1653,"date":"2021-01-05T20:12:54","date_gmt":"2021-01-06T00:12:54","guid":{"rendered":"https:\/\/gadllacao.gob.ec\/azuay\/?page_id=1653"},"modified":"2022-05-22T16:51:01","modified_gmt":"2022-05-22T20:51:01","slug":"rendicion-de-cuentas-2021","status":"publish","type":"page","link":"https:\/\/gadllacao.gob.ec\/azuay\/rendicion-de-cuentas-2021\/","title":{"rendered":"Rendici\u00f3n de Cuentas 2021"},"content":{"rendered":"[vc_row][vc_column][vc_accordion collapsible=\u00bb\u00bb disable_keyboard=\u00bb\u00bb][vc_accordion_tab title=\u00bbFASES DE LA RENDICION DE CUENTAS\u00bb][vc_wp_text]\n[\/vc_wp_text][\/vc_accordion_tab][vc_accordion_tab title=\u00bbFase 1&#8243;][vc_wp_text]\n<h3>FASE 1: <strong>PLANIFICACI\u00d3N Y FACILITACI\u00d3N DEL PROCESO DESDE LA ASAMBLEA LOCAL<\/strong><\/h3>\n<ul>\n<li><strong>Organizaci\u00f3n del proceso<\/strong><\/li>\n<\/ul>\n<p>La Asamblea Ciudadana Local (ACL), o quien hiciere sus veces (ciudadanos de la Instancia de Participaci\u00f3n o del Consejo de Planificaci\u00f3n Local), realizar\u00e1n una consulta a la ciudadan\u00eda de su territorio (ciudadan\u00eda en general, con \u00e9nfasis en los enfoques de igualdad : pueblos y nacionalidades , personas en situaci\u00f3n de movilidad humana , personas con discapacidad , g\u00e9nero y generacional ) con la finalidad de acordar un listado de temas o requerimientos ciudadanos sobre los cuales el GAD debe rendir cuentas.<\/p>\n<p>La Asamblea Ciudadana Local\u00a0 o quien cumpliera tales funciones a trav\u00e9s de su directorio, en reuni\u00f3n ampliada analizar\u00e1 los siguientes documentos que deben ser entregados por el GAD con anterioridad:<br \/>\n1. Plan de Desarrollo y Ordenamiento Territorial. <a href=\"https:\/\/gadllacao.gob.ec\/azuay\/fase-1-planificacion-y-facilitacion-del-proceso\/pdot_llacao_2021\/\" rel=\"attachment wp-att-2394\">PDOT_LLACAO_2021<\/a><br \/>\n2. Oferta de campa\u00f1a de la m\u00e1xima autoridad. <a href=\"https:\/\/gadllacao.gob.ec\/azuay\/fase-1-planificacion-y-facilitacion-del-proceso\/plan-de-trabajo-llacao\/\" rel=\"attachment wp-att-2396\">PLAN DE TRABAJO LLACAO<\/a><br \/>\n3. Plan Operativo Anual (POA) \/ Plan Anual de Pol\u00edtica P\u00fablica (PAPP). <a href=\"https:\/\/gadllacao.gob.ec\/azuay\/fase-1-planificacion-y-facilitacion-del-proceso\/poa-2021\/\" rel=\"attachment wp-att-2395\">POA 2021<\/a><\/p>\n<p>4. Presupuesto institucional y participativo <a href=\"https:\/\/gadllacao.gob.ec\/azuay\/fase-1-planificacion-y-facilitacion-del-proceso\/presupuesto-2021\/\" rel=\"attachment wp-att-2397\">PRESUPUESTO 2021<\/a><br \/>\n5. Listado de instituciones vinculadas <a href=\"https:\/\/gadllacao.gob.ec\/azuay\/rendicion-de-cuentas-2021\/dirigentes\/\" rel=\"attachment wp-att-2425\">DIRIGENTES<\/a><\/p>\n[\/vc_wp_text][\/vc_accordion_tab][vc_accordion_tab title=\u00bbFase 2&#8243;][vc_wp_text]\n<h3>FASE 2: <strong>EVALUACI\u00d3N DE LA GESTI\u00d3N Y ELABORACI\u00d3N DEL INFORME INSTITUCIONAL<\/strong><\/h3>\n<ol>\n<li>Oficio de designaci\u00f3n de comisiones <a href=\"https:\/\/gadllacao.gob.ec\/azuay\/rendicion-de-cuentas-2021\/acta-conformacion-equipo-mixto-2\/\" rel=\"attachment wp-att-2424\">ACTA CONFORMACION EQUIPO MIXTO<\/a><\/li>\n<li>Listado de temas para rendici\u00f3n de cuentas <a href=\"https:\/\/gadllacao.gob.ec\/azuay\/rendicion-de-cuentas-2021\/preguntas-ciudadania\/\" rel=\"attachment wp-att-2430\">PREGUNTAS CIUDADANIA<\/a><\/li>\n<li>Informe de rendici\u00f3n de cuentas debidamente aprobado <a href=\"https:\/\/gadllacao.gob.ec\/azuay\/rendicion-de-cuentas-2021\/informe-de-rendicion-de-cuentas\/\" rel=\"attachment wp-att-2433\">INFORME DE RENDICION DE CUENTAS<\/a><\/li>\n<li>Formulario de rendici\u00f3n de Cuentas <a href=\"https:\/\/gadllacao.gob.ec\/azuay\/rendicion-de-cuentas-2021\/formulario-de-rendicion-de-cuentas-2021\/\" rel=\"attachment wp-att-2437\">FORMULARIO DE RENDICION DE CUENTAS 2021<\/a><\/li>\n<li>Convocatoria a Asamblea de deliberaci\u00f3n p\u00fablica y evaluaci\u00f3n ciudadana<\/li>\n<\/ol>\n<p><a href=\"https:\/\/gadllacao.gob.ec\/azuay\/whatsapp-image-2022-04-20-at-4-14-38-pm\/\"><img loading=\"lazy\" decoding=\"async\" class=\"alignnone size-full wp-image-2399\" src=\"https:\/\/gadllacao.gob.ec\/azuay\/wp-content\/uploads\/2022\/04\/WhatsApp-Image-2022-04-20-at-4.14.38-PM.jpeg\" alt=\"\" width=\"1280\" height=\"730\" srcset=\"https:\/\/gadllacao.gob.ec\/azuay\/wp-content\/uploads\/2022\/04\/WhatsApp-Image-2022-04-20-at-4.14.38-PM.jpeg 1280w, https:\/\/gadllacao.gob.ec\/azuay\/wp-content\/uploads\/2022\/04\/WhatsApp-Image-2022-04-20-at-4.14.38-PM-300x171.jpeg 300w, https:\/\/gadllacao.gob.ec\/azuay\/wp-content\/uploads\/2022\/04\/WhatsApp-Image-2022-04-20-at-4.14.38-PM-1024x584.jpeg 1024w, https:\/\/gadllacao.gob.ec\/azuay\/wp-content\/uploads\/2022\/04\/WhatsApp-Image-2022-04-20-at-4.14.38-PM-768x438.jpeg 768w\" sizes=\"auto, (max-width: 1280px) 100vw, 1280px\" \/><\/a><\/p>\n[\/vc_wp_text][\/vc_accordion_tab][vc_accordion_tab title=\u00bbFase 3&#8243;][vc_wp_text]\n<h3>FASE 3: <strong>DELIVERACI\u00d3N P\u00daBLICA Y EVALUACI\u00d3N CIUDADANA DEL INFORME INSTITUCIONAL\u00a0<\/strong><\/h3>\n<ul>\n<li>\n<h3>Evaluaci\u00f3n ciudadana al informe de rendici\u00f3n de cuentas<\/h3>\n<\/li>\n<\/ul>\n<p>&nbsp;<\/p>\n<ul>\n<li>\n<h3>Seguimiento al proceso de convocatoria a la deliberaci\u00f3n p\u00fablica<\/h3>\n<\/li>\n<\/ul>\n<p>&nbsp;<\/p>\n<ul>\n<li>\n<h3>Participaci\u00f3n en la deliberaci\u00f3n p\u00fablica<\/h3>\n<\/li>\n<\/ul>\n<p>&nbsp;<\/p>\n<ul>\n<li>\n<h3>Mesas de Trabajo<\/h3>\n<\/li>\n<\/ul>\n[\/vc_wp_text][\/vc_accordion_tab][vc_accordion_tab title=\u00bbFase 4&#8243;][vc_wp_text]\n<h3>FASE 4:<\/h3>\n<ul>\n<li>\n<h3>Seguimiento a la incorporaci\u00f3n de la opini\u00f3n ciudadana<\/h3>\n<\/li>\n<\/ul>\n<p>&nbsp;<\/p>\n[\/vc_wp_text][\/vc_accordion_tab][\/vc_accordion][vc_column_text][\/vc_column_text][\/vc_column][\/vc_row]\n","protected":false},"excerpt":{"rendered":"<p>[vc_row][vc_column][vc_accordion collapsible=\u00bb\u00bb disable_keyboard=\u00bb\u00bb][vc_accordion_tab title=\u00bbFASES DE LA RENDICION DE CUENTAS\u00bb][vc_wp_text] [\/vc_wp_text][\/vc_accordion_tab][vc_accordion_tab title=\u00bbFase 1&#8243;][vc_wp_text] FASE 1: PLANIFICACI\u00d3N Y FACILITACI\u00d3N DEL PROCESO DESDE LA ASAMBLEA LOCAL Organizaci\u00f3n del proceso La Asamblea Ciudadana Local (ACL), o quien hiciere sus veces (ciudadanos de la Instancia de Participaci\u00f3n o del Consejo de Planificaci\u00f3n Local), realizar\u00e1n una consulta a la ciudadan\u00eda de [&hellip;]<\/p>\n","protected":false},"author":7,"featured_media":0,"parent":0,"menu_order":0,"comment_status":"closed","ping_status":"closed","template":"","meta":{"footnotes":""},"class_list":["post-1653","page","type-page","status-publish","hentry"],"yoast_head":"<!-- This site is optimized with the Yoast SEO plugin v24.1 - https:\/\/yoast.com\/wordpress\/plugins\/seo\/ -->\n<title>Rendici\u00f3n de Cuentas 2021 - GAD parroquial Llacao<\/title>\n<meta name=\"robots\" content=\"index, follow, max-snippet:-1, max-image-preview:large, max-video-preview:-1\" \/>\n<link rel=\"canonical\" href=\"https:\/\/gadllacao.gob.ec\/azuay\/rendicion-de-cuentas-2021\/\" \/>\n<meta property=\"og:locale\" content=\"es_ES\" \/>\n<meta property=\"og:type\" content=\"article\" \/>\n<meta property=\"og:title\" content=\"Rendici\u00f3n de Cuentas 2021 - GAD parroquial Llacao\" \/>\n<meta property=\"og:description\" content=\"[vc_row][vc_column][vc_accordion collapsible=\u00bb\u00bb disable_keyboard=\u00bb\u00bb][vc_accordion_tab title=\u00bbFASES DE LA RENDICION DE CUENTAS\u00bb][vc_wp_text] [\/vc_wp_text][\/vc_accordion_tab][vc_accordion_tab title=\u00bbFase 1&#8243;][vc_wp_text] FASE 1: PLANIFICACI\u00d3N Y FACILITACI\u00d3N DEL PROCESO DESDE LA ASAMBLEA LOCAL Organizaci\u00f3n del proceso La Asamblea Ciudadana Local (ACL), o quien hiciere sus veces (ciudadanos de la Instancia de Participaci\u00f3n o del Consejo de Planificaci\u00f3n Local), realizar\u00e1n una consulta a la ciudadan\u00eda de [&hellip;]\" \/>\n<meta property=\"og:url\" content=\"https:\/\/gadllacao.gob.ec\/azuay\/rendicion-de-cuentas-2021\/\" \/>\n<meta property=\"og:site_name\" content=\"GAD parroquial Llacao\" \/>\n<meta property=\"article:modified_time\" content=\"2022-05-22T20:51:01+00:00\" \/>\n<meta property=\"og:image\" content=\"https:\/\/gadllacao.gob.ec\/azuay\/wp-content\/uploads\/2022\/04\/WhatsApp-Image-2022-04-20-at-4.14.38-PM.jpeg\" \/>\n<meta name=\"twitter:card\" content=\"summary_large_image\" \/>\n<meta name=\"twitter:label1\" content=\"Tiempo de lectura\" \/>\n\t<meta name=\"twitter:data1\" content=\"2 minutos\" \/>\n<script type=\"application\/ld+json\" class=\"yoast-schema-graph\">{\"@context\":\"https:\/\/schema.org\",\"@graph\":[{\"@type\":\"WebPage\",\"@id\":\"https:\/\/gadllacao.gob.ec\/azuay\/rendicion-de-cuentas-2021\/\",\"url\":\"https:\/\/gadllacao.gob.ec\/azuay\/rendicion-de-cuentas-2021\/\",\"name\":\"Rendici\u00f3n de Cuentas 2021 - GAD parroquial Llacao\",\"isPartOf\":{\"@id\":\"https:\/\/gadllacao.gob.ec\/azuay\/#website\"},\"primaryImageOfPage\":{\"@id\":\"https:\/\/gadllacao.gob.ec\/azuay\/rendicion-de-cuentas-2021\/#primaryimage\"},\"image\":{\"@id\":\"https:\/\/gadllacao.gob.ec\/azuay\/rendicion-de-cuentas-2021\/#primaryimage\"},\"thumbnailUrl\":\"https:\/\/gadllacao.gob.ec\/azuay\/wp-content\/uploads\/2022\/04\/WhatsApp-Image-2022-04-20-at-4.14.38-PM.jpeg\",\"datePublished\":\"2021-01-06T00:12:54+00:00\",\"dateModified\":\"2022-05-22T20:51:01+00:00\",\"breadcrumb\":{\"@id\":\"https:\/\/gadllacao.gob.ec\/azuay\/rendicion-de-cuentas-2021\/#breadcrumb\"},\"inLanguage\":\"es\",\"potentialAction\":[{\"@type\":\"ReadAction\",\"target\":[\"https:\/\/gadllacao.gob.ec\/azuay\/rendicion-de-cuentas-2021\/\"]}]},{\"@type\":\"ImageObject\",\"inLanguage\":\"es\",\"@id\":\"https:\/\/gadllacao.gob.ec\/azuay\/rendicion-de-cuentas-2021\/#primaryimage\",\"url\":\"https:\/\/gadllacao.gob.ec\/azuay\/wp-content\/uploads\/2022\/04\/WhatsApp-Image-2022-04-20-at-4.14.38-PM.jpeg\",\"contentUrl\":\"https:\/\/gadllacao.gob.ec\/azuay\/wp-content\/uploads\/2022\/04\/WhatsApp-Image-2022-04-20-at-4.14.38-PM.jpeg\",\"width\":1280,\"height\":730},{\"@type\":\"BreadcrumbList\",\"@id\":\"https:\/\/gadllacao.gob.ec\/azuay\/rendicion-de-cuentas-2021\/#breadcrumb\",\"itemListElement\":[{\"@type\":\"ListItem\",\"position\":1,\"name\":\"Portada\",\"item\":\"https:\/\/gadllacao.gob.ec\/azuay\/\"},{\"@type\":\"ListItem\",\"position\":2,\"name\":\"Rendici\u00f3n de Cuentas 2021\"}]},{\"@type\":\"WebSite\",\"@id\":\"https:\/\/gadllacao.gob.ec\/azuay\/#website\",\"url\":\"https:\/\/gadllacao.gob.ec\/azuay\/\",\"name\":\"GAD parroquial Llacao\",\"description\":\"Sitio Oficial del GAD Parroquial Mariano Moreno Azuay\",\"publisher\":{\"@id\":\"https:\/\/gadllacao.gob.ec\/azuay\/#organization\"},\"potentialAction\":[{\"@type\":\"SearchAction\",\"target\":{\"@type\":\"EntryPoint\",\"urlTemplate\":\"https:\/\/gadllacao.gob.ec\/azuay\/?s={search_term_string}\"},\"query-input\":{\"@type\":\"PropertyValueSpecification\",\"valueRequired\":true,\"valueName\":\"search_term_string\"}}],\"inLanguage\":\"es\"},{\"@type\":\"Organization\",\"@id\":\"https:\/\/gadllacao.gob.ec\/azuay\/#organization\",\"name\":\"GAD Llacao Azuay\",\"url\":\"https:\/\/gadllacao.gob.ec\/azuay\/\",\"logo\":{\"@type\":\"ImageObject\",\"inLanguage\":\"es\",\"@id\":\"https:\/\/gadllacao.gob.ec\/azuay\/#\/schema\/logo\/image\/\",\"url\":\"https:\/\/gadllacao.gob.ec\/azuay\/wp-content\/uploads\/2020\/06\/logoFooter.png\",\"contentUrl\":\"https:\/\/gadllacao.gob.ec\/azuay\/wp-content\/uploads\/2020\/06\/logoFooter.png\",\"width\":200,\"height\":150,\"caption\":\"GAD Llacao Azuay\"},\"image\":{\"@id\":\"https:\/\/gadllacao.gob.ec\/azuay\/#\/schema\/logo\/image\/\"}}]}<\/script>\n<!-- \/ Yoast SEO plugin. -->","yoast_head_json":{"title":"Rendici\u00f3n de Cuentas 2021 - GAD parroquial Llacao","robots":{"index":"index","follow":"follow","max-snippet":"max-snippet:-1","max-image-preview":"max-image-preview:large","max-video-preview":"max-video-preview:-1"},"canonical":"https:\/\/gadllacao.gob.ec\/azuay\/rendicion-de-cuentas-2021\/","og_locale":"es_ES","og_type":"article","og_title":"Rendici\u00f3n de Cuentas 2021 - GAD parroquial Llacao","og_description":"[vc_row][vc_column][vc_accordion collapsible=\u00bb\u00bb disable_keyboard=\u00bb\u00bb][vc_accordion_tab title=\u00bbFASES DE LA RENDICION DE CUENTAS\u00bb][vc_wp_text] [\/vc_wp_text][\/vc_accordion_tab][vc_accordion_tab title=\u00bbFase 1&#8243;][vc_wp_text] FASE 1: PLANIFICACI\u00d3N Y FACILITACI\u00d3N DEL PROCESO DESDE LA ASAMBLEA LOCAL Organizaci\u00f3n del proceso La Asamblea Ciudadana Local (ACL), o quien hiciere sus veces (ciudadanos de la Instancia de Participaci\u00f3n o del Consejo de Planificaci\u00f3n Local), realizar\u00e1n una consulta a la ciudadan\u00eda de [&hellip;]","og_url":"https:\/\/gadllacao.gob.ec\/azuay\/rendicion-de-cuentas-2021\/","og_site_name":"GAD parroquial Llacao","article_modified_time":"2022-05-22T20:51:01+00:00","og_image":[{"url":"https:\/\/gadllacao.gob.ec\/azuay\/wp-content\/uploads\/2022\/04\/WhatsApp-Image-2022-04-20-at-4.14.38-PM.jpeg","type":"","width":"","height":""}],"twitter_card":"summary_large_image","twitter_misc":{"Tiempo de lectura":"2 minutos"},"schema":{"@context":"https:\/\/schema.org","@graph":[{"@type":"WebPage","@id":"https:\/\/gadllacao.gob.ec\/azuay\/rendicion-de-cuentas-2021\/","url":"https:\/\/gadllacao.gob.ec\/azuay\/rendicion-de-cuentas-2021\/","name":"Rendici\u00f3n de Cuentas 2021 - GAD parroquial Llacao","isPartOf":{"@id":"https:\/\/gadllacao.gob.ec\/azuay\/#website"},"primaryImageOfPage":{"@id":"https:\/\/gadllacao.gob.ec\/azuay\/rendicion-de-cuentas-2021\/#primaryimage"},"image":{"@id":"https:\/\/gadllacao.gob.ec\/azuay\/rendicion-de-cuentas-2021\/#primaryimage"},"thumbnailUrl":"https:\/\/gadllacao.gob.ec\/azuay\/wp-content\/uploads\/2022\/04\/WhatsApp-Image-2022-04-20-at-4.14.38-PM.jpeg","datePublished":"2021-01-06T00:12:54+00:00","dateModified":"2022-05-22T20:51:01+00:00","breadcrumb":{"@id":"https:\/\/gadllacao.gob.ec\/azuay\/rendicion-de-cuentas-2021\/#breadcrumb"},"inLanguage":"es","potentialAction":[{"@type":"ReadAction","target":["https:\/\/gadllacao.gob.ec\/azuay\/rendicion-de-cuentas-2021\/"]}]},{"@type":"ImageObject","inLanguage":"es","@id":"https:\/\/gadllacao.gob.ec\/azuay\/rendicion-de-cuentas-2021\/#primaryimage","url":"https:\/\/gadllacao.gob.ec\/azuay\/wp-content\/uploads\/2022\/04\/WhatsApp-Image-2022-04-20-at-4.14.38-PM.jpeg","contentUrl":"https:\/\/gadllacao.gob.ec\/azuay\/wp-content\/uploads\/2022\/04\/WhatsApp-Image-2022-04-20-at-4.14.38-PM.jpeg","width":1280,"height":730},{"@type":"BreadcrumbList","@id":"https:\/\/gadllacao.gob.ec\/azuay\/rendicion-de-cuentas-2021\/#breadcrumb","itemListElement":[{"@type":"ListItem","position":1,"name":"Portada","item":"https:\/\/gadllacao.gob.ec\/azuay\/"},{"@type":"ListItem","position":2,"name":"Rendici\u00f3n de Cuentas 2021"}]},{"@type":"WebSite","@id":"https:\/\/gadllacao.gob.ec\/azuay\/#website","url":"https:\/\/gadllacao.gob.ec\/azuay\/","name":"GAD parroquial Llacao","description":"Sitio Oficial del GAD Parroquial Mariano Moreno Azuay","publisher":{"@id":"https:\/\/gadllacao.gob.ec\/azuay\/#organization"},"potentialAction":[{"@type":"SearchAction","target":{"@type":"EntryPoint","urlTemplate":"https:\/\/gadllacao.gob.ec\/azuay\/?s={search_term_string}"},"query-input":{"@type":"PropertyValueSpecification","valueRequired":true,"valueName":"search_term_string"}}],"inLanguage":"es"},{"@type":"Organization","@id":"https:\/\/gadllacao.gob.ec\/azuay\/#organization","name":"GAD Llacao Azuay","url":"https:\/\/gadllacao.gob.ec\/azuay\/","logo":{"@type":"ImageObject","inLanguage":"es","@id":"https:\/\/gadllacao.gob.ec\/azuay\/#\/schema\/logo\/image\/","url":"https:\/\/gadllacao.gob.ec\/azuay\/wp-content\/uploads\/2020\/06\/logoFooter.png","contentUrl":"https:\/\/gadllacao.gob.ec\/azuay\/wp-content\/uploads\/2020\/06\/logoFooter.png","width":200,"height":150,"caption":"GAD Llacao Azuay"},"image":{"@id":"https:\/\/gadllacao.gob.ec\/azuay\/#\/schema\/logo\/image\/"}}]}},"_links":{"self":[{"href":"https:\/\/gadllacao.gob.ec\/azuay\/wp-json\/wp\/v2\/pages\/1653","targetHints":{"allow":["GET"]}}],"collection":[{"href":"https:\/\/gadllacao.gob.ec\/azuay\/wp-json\/wp\/v2\/pages"}],"about":[{"href":"https:\/\/gadllacao.gob.ec\/azuay\/wp-json\/wp\/v2\/types\/page"}],"author":[{"embeddable":true,"href":"https:\/\/gadllacao.gob.ec\/azuay\/wp-json\/wp\/v2\/users\/7"}],"replies":[{"embeddable":true,"href":"https:\/\/gadllacao.gob.ec\/azuay\/wp-json\/wp\/v2\/comments?post=1653"}],"version-history":[{"count":17,"href":"https:\/\/gadllacao.gob.ec\/azuay\/wp-json\/wp\/v2\/pages\/1653\/revisions"}],"predecessor-version":[{"id":2442,"href":"https:\/\/gadllacao.gob.ec\/azuay\/wp-json\/wp\/v2\/pages\/1653\/revisions\/2442"}],"wp:attachment":[{"href":"https:\/\/gadllacao.gob.ec\/azuay\/wp-json\/wp\/v2\/media?parent=1653"}],"curies":[{"name":"wp","href":"https:\/\/api.w.org\/{rel}","templated":true}]}}