{"id":21,"date":"2014-10-24T02:10:00","date_gmt":"2014-10-24T02:10:00","guid":{"rendered":"http:\/\/gadllacao.gob.ec\/azuay\/?page_id=21"},"modified":"2025-09-11T09:21:49","modified_gmt":"2025-09-11T13:21:49","slug":"ultimas-noticias","status":"publish","type":"page","link":"https:\/\/gadllacao.gob.ec\/azuay\/ultimas-noticias\/","title":{"rendered":"Ultimas Noticias"},"content":{"rendered":"\t\t<div data-elementor-type=\"wp-page\" data-elementor-id=\"21\" class=\"elementor elementor-21\" data-elementor-settings=\"[]\">\n\t\t\t<div class=\"elementor-inner\">\n\t\t\t\t<div class=\"elementor-section-wrap\">\n\t\t\t\t\t\t\t<section class=\"elementor-element elementor-element-b821faf elementor-section-boxed elementor-section-height-default elementor-section-height-default elementor-section elementor-top-section\" data-id=\"b821faf\" data-element_type=\"section\">\n\t\t\t\t\t\t<div class=\"elementor-container elementor-column-gap-default\">\n\t\t\t\t<div class=\"elementor-row\">\n\t\t\t\t<div class=\"elementor-element elementor-element-1086c40 elementor-column elementor-col-100 elementor-top-column\" data-id=\"1086c40\" data-element_type=\"column\">\n\t\t\t<div class=\"elementor-column-wrap  elementor-element-populated\">\n\t\t\t\t\t<div class=\"elementor-widget-wrap\">\n\t\t\t\t<div class=\"elementor-element elementor-element-18a3976 elementor-grid-3 elementor-grid-tablet-2 elementor-grid-mobile-1 elementor-posts--thumbnail-top elementor-posts--show-avatar elementor-card-shadow-yes elementor-posts__hover-gradient elementor-widget elementor-widget-posts\" data-id=\"18a3976\" data-element_type=\"widget\" data-settings=\"{&quot;cards_columns&quot;:&quot;3&quot;,&quot;cards_columns_tablet&quot;:&quot;2&quot;,&quot;cards_columns_mobile&quot;:&quot;1&quot;,&quot;cards_row_gap&quot;:{&quot;unit&quot;:&quot;px&quot;,&quot;size&quot;:35,&quot;sizes&quot;:[]}}\" data-widget_type=\"posts.cards\">\n\t\t\t\t<div class=\"elementor-widget-container\">\n\t\t\t\t\t<div class=\"elementor-posts-container elementor-posts elementor-posts--skin-cards elementor-grid\">\n\t\t\t\t<article class=\"elementor-post elementor-grid-item post-4023 post type-post status-publish format-standard has-post-thumbnail hentry category-sin-categoria\">\n\t\t\t<div class=\"elementor-post__card\">\n\t\t\t\t<a class=\"elementor-post__thumbnail__link\" href=\"https:\/\/gadllacao.gob.ec\/azuay\/notificaciones\/\">\n\t\t\t<div class=\"elementor-post__thumbnail\"><img loading=\"lazy\" decoding=\"async\" width=\"240\" height=\"300\" src=\"https:\/\/gadllacao.gob.ec\/azuay\/wp-content\/uploads\/2025\/09\/El-proximo-lunes-cerramos-por-fiestas-locales.-1-240x300.png\" class=\"attachment-medium size-medium\" alt=\"\" srcset=\"https:\/\/gadllacao.gob.ec\/azuay\/wp-content\/uploads\/2025\/09\/El-proximo-lunes-cerramos-por-fiestas-locales.-1-240x300.png 240w, https:\/\/gadllacao.gob.ec\/azuay\/wp-content\/uploads\/2025\/09\/El-proximo-lunes-cerramos-por-fiestas-locales.-1-819x1024.png 819w, https:\/\/gadllacao.gob.ec\/azuay\/wp-content\/uploads\/2025\/09\/El-proximo-lunes-cerramos-por-fiestas-locales.-1-768x960.png 768w, https:\/\/gadllacao.gob.ec\/azuay\/wp-content\/uploads\/2025\/09\/El-proximo-lunes-cerramos-por-fiestas-locales.-1.png 1080w\" sizes=\"auto, (max-width: 240px) 100vw, 240px\" \/><\/div>\n\t\t<\/a>\n\t\t\t\t<div class=\"elementor-post__avatar\">\n\t\t\t<img alt='gadllacao' onerror='this.src=\"https:\/\/gadllacao.gob.ec\/azuay\/wp-content\/themes\/llacao01\/images\/no-avatar.jpg\"' src='https:\/\/secure.gravatar.com\/avatar\/07ef282eb6d739a0ea00c556e1506f56?s=128&#038;d=mm&#038;r=g' srcset='https:\/\/secure.gravatar.com\/avatar\/07ef282eb6d739a0ea00c556e1506f56?s=256&#038;d=mm&#038;r=g 2x' class='avatar avatar-128 photo' height='128' width='128' \/>\t\t<\/div>\n\t\t\t\t<div class=\"elementor-post__text\">\n\t\t\t\t<h3 class=\"elementor-post__title\">\n\t\t\t<a href=\"https:\/\/gadllacao.gob.ec\/azuay\/notificaciones\/\">\n\t\t\t\tNotificaciones\t\t\t<\/a>\n\t\t<\/h3>\n\t\t\t\t<div class=\"elementor-post__excerpt\">\n\t\t\t<p>&nbsp; Mariela Peralta Castillo le est\u00e1 invitando a una reuni\u00f3n de Zoom programada. Tema: Reuni\u00f3n Zoom de Mariela Peralta Castillo Hora: 10 sept 2025 10:00<\/p>\n\t\t<\/div>\n\t\t\t\t<\/div>\n\t\t\t\t<div class=\"elementor-post__meta-data\">\n\t\t\t\t\t<span class=\"elementor-post-date\">\n\t\t\t10 septiembre, 2025\t\t<\/span>\n\t\t\t\t<\/div>\n\t\t\t\t\t<\/div>\n\t\t<\/article>\n\t\t\t\t<article class=\"elementor-post elementor-grid-item post-3818 post type-post status-publish format-standard hentry category-sin-categoria\">\n\t\t\t<div class=\"elementor-post__card\">\n\t\t\t\t<div class=\"elementor-post__text\">\n\t\t\t\t<h3 class=\"elementor-post__title\">\n\t\t\t<a href=\"https:\/\/gadllacao.gob.ec\/azuay\/actas-y-resoluciones\/\">\n\t\t\t\tACTAS Y RESOLUCIONES\t\t\t<\/a>\n\t\t<\/h3>\n\t\t\t\t<div class=\"elementor-post__excerpt\">\n\t\t\t<p>ACTA DE ASAMBLEA PARROQUIAL PRIORIZACION DEL MANTENIMIENTO VIAL DELEGADO 2025 CON RECURSOS DEL GAD PROVINCIAL\u00a0<\/p>\n\t\t<\/div>\n\t\t\t\t<\/div>\n\t\t\t\t<div class=\"elementor-post__meta-data\">\n\t\t\t\t\t<span class=\"elementor-post-date\">\n\t\t\t14 abril, 2025\t\t<\/span>\n\t\t\t\t<\/div>\n\t\t\t\t\t<\/div>\n\t\t<\/article>\n\t\t\t\t<article class=\"elementor-post elementor-grid-item post-3741 post type-post status-publish format-standard hentry category-sin-categoria\">\n\t\t\t<div class=\"elementor-post__card\">\n\t\t\t\t<div class=\"elementor-post__text\">\n\t\t\t\t<h3 class=\"elementor-post__title\">\n\t\t\t<a href=\"https:\/\/gadllacao.gob.ec\/azuay\/audiencias-y-reuniones\/\">\n\t\t\t\tAudiencias y Reuniones\t\t\t<\/a>\n\t\t<\/h3>\n\t\t\t\t<div class=\"elementor-post__excerpt\">\n\t\t\t<p>Audiencias y reuniones SOCIALIZACI\u00d3N ANTEPROYECTO ARQUITECTONICO REGENERACI\u00d3N PLAZA CENTRAL BARRIO EL CISNE<\/p>\n\t\t<\/div>\n\t\t\t\t<\/div>\n\t\t\t\t<div class=\"elementor-post__meta-data\">\n\t\t\t\t\t<span class=\"elementor-post-date\">\n\t\t\t14 marzo, 2025\t\t<\/span>\n\t\t\t\t<\/div>\n\t\t\t\t\t<\/div>\n\t\t<\/article>\n\t\t\t\t<article class=\"elementor-post elementor-grid-item post-3677 post type-post status-publish format-standard hentry category-sin-categoria\">\n\t\t\t<div class=\"elementor-post__card\">\n\t\t\t\t<div class=\"elementor-post__text\">\n\t\t\t\t<h3 class=\"elementor-post__title\">\n\t\t\t<a href=\"https:\/\/gadllacao.gob.ec\/azuay\/3677-2\/\">\n\t\t\t\t\t\t\t<\/a>\n\t\t<\/h3>\n\t\t\t\t<div class=\"elementor-post__excerpt\">\n\t\t\t<p>Codigo-del-Trabajo Codigo-Tributario Constitucion-del-Ecuador-2008 COOTAD Ley-Declaraci\u00f3n-Patrimoniales-Juradas Ley-Organiza-CGE-y-REFORMAS2009 LOCPCCS LORTI LOSEP LOTAIP-y-Reglamento Reglamento-Ley-Organica-CGE-3 Reglamento-Registro-Control-Cauciones-Acuerdo-015-2017<\/p>\n\t\t<\/div>\n\t\t\t\t<\/div>\n\t\t\t\t<div class=\"elementor-post__meta-data\">\n\t\t\t\t\t<span class=\"elementor-post-date\">\n\t\t\t14 febrero, 2025\t\t<\/span>\n\t\t\t\t<\/div>\n\t\t\t\t\t<\/div>\n\t\t<\/article>\n\t\t\t\t<article class=\"elementor-post elementor-grid-item post-462 post type-post status-publish format-standard has-post-thumbnail hentry category-sin-categoria category-c1-ultimas-noticias\">\n\t\t\t<div class=\"elementor-post__card\">\n\t\t\t\t<a class=\"elementor-post__thumbnail__link\" href=\"https:\/\/gadllacao.gob.ec\/azuay\/nueva-noticia\/\">\n\t\t\t<div class=\"elementor-post__thumbnail\"><img loading=\"lazy\" decoding=\"async\" width=\"300\" height=\"113\" src=\"https:\/\/gadllacao.gob.ec\/azuay\/wp-content\/uploads\/2016\/12\/003-300x113.jpg\" class=\"attachment-medium size-medium\" alt=\"\" srcset=\"https:\/\/gadllacao.gob.ec\/azuay\/wp-content\/uploads\/2016\/12\/003-300x113.jpg 300w, https:\/\/gadllacao.gob.ec\/azuay\/wp-content\/uploads\/2016\/12\/003.jpg 1024w\" sizes=\"auto, (max-width: 300px) 100vw, 300px\" \/><\/div>\n\t\t<\/a>\n\t\t\t\t<div class=\"elementor-post__avatar\">\n\t\t\t<img alt='agadllacao' onerror='this.src=\"https:\/\/gadllacao.gob.ec\/azuay\/wp-content\/themes\/llacao01\/images\/no-avatar.jpg\"' src='https:\/\/secure.gravatar.com\/avatar\/4849cead80a540a505e4f16b1e4cbabb?s=128&#038;d=mm&#038;r=g' srcset='https:\/\/secure.gravatar.com\/avatar\/4849cead80a540a505e4f16b1e4cbabb?s=256&#038;d=mm&#038;r=g 2x' class='avatar avatar-128 photo' height='128' width='128' \/>\t\t<\/div>\n\t\t\t\t<div class=\"elementor-post__text\">\n\t\t\t\t<h3 class=\"elementor-post__title\">\n\t\t\t<a href=\"https:\/\/gadllacao.gob.ec\/azuay\/nueva-noticia\/\">\n\t\t\t\tGaler\u00eda Fotogr\u00e1fica\t\t\t<\/a>\n\t\t<\/h3>\n\t\t\t\t<div class=\"elementor-post__excerpt\">\n\t\t\t\t\t<\/div>\n\t\t\t\t<\/div>\n\t\t\t\t<div class=\"elementor-post__meta-data\">\n\t\t\t\t\t<span class=\"elementor-post-date\">\n\t\t\t31 enero, 2017\t\t<\/span>\n\t\t\t\t<\/div>\n\t\t\t\t\t<\/div>\n\t\t<\/article>\n\t\t\t\t<article class=\"elementor-post elementor-grid-item post-219 post type-post status-publish format-standard has-post-thumbnail hentry category-c1-ultimas-noticias tag-ver-mas\">\n\t\t\t<div class=\"elementor-post__card\">\n\t\t\t\t<a class=\"elementor-post__thumbnail__link\" href=\"https:\/\/gadllacao.gob.ec\/azuay\/obras\/\">\n\t\t\t<div class=\"elementor-post__thumbnail\"><img loading=\"lazy\" decoding=\"async\" width=\"300\" height=\"225\" src=\"https:\/\/gadllacao.gob.ec\/azuay\/wp-content\/uploads\/2014\/12\/alcantarillado-300x225.jpg\" class=\"attachment-medium size-medium\" alt=\"\" srcset=\"https:\/\/gadllacao.gob.ec\/azuay\/wp-content\/uploads\/2014\/12\/alcantarillado-300x225.jpg 300w, https:\/\/gadllacao.gob.ec\/azuay\/wp-content\/uploads\/2014\/12\/alcantarillado.jpg 700w\" sizes=\"auto, (max-width: 300px) 100vw, 300px\" \/><\/div>\n\t\t<\/a>\n\t\t\t\t<div class=\"elementor-post__avatar\">\n\t\t\t<img alt='agadllacao' onerror='this.src=\"https:\/\/gadllacao.gob.ec\/azuay\/wp-content\/themes\/llacao01\/images\/no-avatar.jpg\"' src='https:\/\/secure.gravatar.com\/avatar\/4849cead80a540a505e4f16b1e4cbabb?s=128&#038;d=mm&#038;r=g' srcset='https:\/\/secure.gravatar.com\/avatar\/4849cead80a540a505e4f16b1e4cbabb?s=256&#038;d=mm&#038;r=g 2x' class='avatar avatar-128 photo' height='128' width='128' \/>\t\t<\/div>\n\t\t\t\t<div class=\"elementor-post__text\">\n\t\t\t\t<h3 class=\"elementor-post__title\">\n\t\t\t<a href=\"https:\/\/gadllacao.gob.ec\/azuay\/obras\/\">\n\t\t\t\tObras 2014-2019\t\t\t<\/a>\n\t\t<\/h3>\n\t\t\t\t<div class=\"elementor-post__excerpt\">\n\t\t\t<p>Ver m\u00e1s Obras 2014-2019<\/p>\n\t\t<\/div>\n\t\t\t\t<\/div>\n\t\t\t\t<div class=\"elementor-post__meta-data\">\n\t\t\t\t\t<span class=\"elementor-post-date\">\n\t\t\t17 diciembre, 2014\t\t<\/span>\n\t\t\t\t<\/div>\n\t\t\t\t\t<\/div>\n\t\t<\/article>\n\t\t\t\t<\/div>\n\t\t\t\t<\/div>\n\t\t\t\t<\/div>\n\t\t\t\t\t\t<\/div>\n\t\t\t<\/div>\n\t\t<\/div>\n\t\t\t\t\t\t<\/div>\n\t\t\t<\/div>\n\t\t<\/section>\n\t\t\t\t\t\t<\/div>\n\t\t\t<\/div>\n\t\t<\/div>\n\t\t","protected":false},"excerpt":{"rendered":"Ver m\u00e1s Obras 2014-2019","protected":false},"author":7,"featured_media":4020,"parent":0,"menu_order":0,"comment_status":"closed","ping_status":"open","template":"","meta":{"footnotes":""},"class_list":["post-21","page","type-page","status-publish","has-post-thumbnail","hentry"],"yoast_head":"<!-- This site is optimized with the Yoast SEO plugin v24.1 - https:\/\/yoast.com\/wordpress\/plugins\/seo\/ -->\n<title>Ultimas Noticias - GAD parroquial Llacao<\/title>\n<meta name=\"robots\" content=\"index, follow, max-snippet:-1, max-image-preview:large, max-video-preview:-1\" \/>\n<link rel=\"canonical\" href=\"https:\/\/gadllacao.gob.ec\/azuay\/ultimas-noticias\/\" \/>\n<meta property=\"og:locale\" content=\"es_ES\" \/>\n<meta property=\"og:type\" content=\"article\" \/>\n<meta property=\"og:title\" content=\"Ultimas Noticias - GAD parroquial Llacao\" \/>\n<meta property=\"og:url\" content=\"https:\/\/gadllacao.gob.ec\/azuay\/ultimas-noticias\/\" \/>\n<meta property=\"og:site_name\" content=\"GAD parroquial Llacao\" \/>\n<meta property=\"article:modified_time\" content=\"2025-09-11T13:21:49+00:00\" \/>\n<meta property=\"og:image\" content=\"https:\/\/gadllacao.gob.ec\/azuay\/wp-content\/uploads\/2025\/09\/El-proximo-lunes-cerramos-por-fiestas-locales.-1.png\" \/>\n\t<meta property=\"og:image:width\" content=\"1080\" \/>\n\t<meta property=\"og:image:height\" content=\"1350\" \/>\n\t<meta property=\"og:image:type\" content=\"image\/png\" \/>\n<meta name=\"twitter:card\" content=\"summary_large_image\" \/>\n<meta name=\"twitter:label1\" content=\"Tiempo de lectura\" \/>\n\t<meta name=\"twitter:data1\" content=\"1 minuto\" \/>\n<script type=\"application\/ld+json\" class=\"yoast-schema-graph\">{\"@context\":\"https:\/\/schema.org\",\"@graph\":[{\"@type\":\"WebPage\",\"@id\":\"https:\/\/gadllacao.gob.ec\/azuay\/ultimas-noticias\/\",\"url\":\"https:\/\/gadllacao.gob.ec\/azuay\/ultimas-noticias\/\",\"name\":\"Ultimas Noticias - GAD parroquial Llacao\",\"isPartOf\":{\"@id\":\"https:\/\/gadllacao.gob.ec\/azuay\/#website\"},\"primaryImageOfPage\":{\"@id\":\"https:\/\/gadllacao.gob.ec\/azuay\/ultimas-noticias\/#primaryimage\"},\"image\":{\"@id\":\"https:\/\/gadllacao.gob.ec\/azuay\/ultimas-noticias\/#primaryimage\"},\"thumbnailUrl\":\"https:\/\/gadllacao.gob.ec\/azuay\/wp-content\/uploads\/2025\/09\/El-proximo-lunes-cerramos-por-fiestas-locales.-1.png\",\"datePublished\":\"2014-10-24T02:10:00+00:00\",\"dateModified\":\"2025-09-11T13:21:49+00:00\",\"breadcrumb\":{\"@id\":\"https:\/\/gadllacao.gob.ec\/azuay\/ultimas-noticias\/#breadcrumb\"},\"inLanguage\":\"es\",\"potentialAction\":[{\"@type\":\"ReadAction\",\"target\":[\"https:\/\/gadllacao.gob.ec\/azuay\/ultimas-noticias\/\"]}]},{\"@type\":\"ImageObject\",\"inLanguage\":\"es\",\"@id\":\"https:\/\/gadllacao.gob.ec\/azuay\/ultimas-noticias\/#primaryimage\",\"url\":\"https:\/\/gadllacao.gob.ec\/azuay\/wp-content\/uploads\/2025\/09\/El-proximo-lunes-cerramos-por-fiestas-locales.-1.png\",\"contentUrl\":\"https:\/\/gadllacao.gob.ec\/azuay\/wp-content\/uploads\/2025\/09\/El-proximo-lunes-cerramos-por-fiestas-locales.-1.png\",\"width\":1080,\"height\":1350},{\"@type\":\"BreadcrumbList\",\"@id\":\"https:\/\/gadllacao.gob.ec\/azuay\/ultimas-noticias\/#breadcrumb\",\"itemListElement\":[{\"@type\":\"ListItem\",\"position\":1,\"name\":\"Portada\",\"item\":\"https:\/\/gadllacao.gob.ec\/azuay\/\"},{\"@type\":\"ListItem\",\"position\":2,\"name\":\"Ultimas Noticias\"}]},{\"@type\":\"WebSite\",\"@id\":\"https:\/\/gadllacao.gob.ec\/azuay\/#website\",\"url\":\"https:\/\/gadllacao.gob.ec\/azuay\/\",\"name\":\"GAD parroquial Llacao\",\"description\":\"Sitio Oficial del GAD Parroquial Mariano Moreno Azuay\",\"publisher\":{\"@id\":\"https:\/\/gadllacao.gob.ec\/azuay\/#organization\"},\"potentialAction\":[{\"@type\":\"SearchAction\",\"target\":{\"@type\":\"EntryPoint\",\"urlTemplate\":\"https:\/\/gadllacao.gob.ec\/azuay\/?s={search_term_string}\"},\"query-input\":{\"@type\":\"PropertyValueSpecification\",\"valueRequired\":true,\"valueName\":\"search_term_string\"}}],\"inLanguage\":\"es\"},{\"@type\":\"Organization\",\"@id\":\"https:\/\/gadllacao.gob.ec\/azuay\/#organization\",\"name\":\"GAD Llacao Azuay\",\"url\":\"https:\/\/gadllacao.gob.ec\/azuay\/\",\"logo\":{\"@type\":\"ImageObject\",\"inLanguage\":\"es\",\"@id\":\"https:\/\/gadllacao.gob.ec\/azuay\/#\/schema\/logo\/image\/\",\"url\":\"https:\/\/gadllacao.gob.ec\/azuay\/wp-content\/uploads\/2020\/06\/logoFooter.png\",\"contentUrl\":\"https:\/\/gadllacao.gob.ec\/azuay\/wp-content\/uploads\/2020\/06\/logoFooter.png\",\"width\":200,\"height\":150,\"caption\":\"GAD Llacao Azuay\"},\"image\":{\"@id\":\"https:\/\/gadllacao.gob.ec\/azuay\/#\/schema\/logo\/image\/\"}}]}<\/script>\n<!-- \/ Yoast SEO plugin. -->","yoast_head_json":{"title":"Ultimas Noticias - GAD parroquial Llacao","robots":{"index":"index","follow":"follow","max-snippet":"max-snippet:-1","max-image-preview":"max-image-preview:large","max-video-preview":"max-video-preview:-1"},"canonical":"https:\/\/gadllacao.gob.ec\/azuay\/ultimas-noticias\/","og_locale":"es_ES","og_type":"article","og_title":"Ultimas Noticias - GAD parroquial Llacao","og_url":"https:\/\/gadllacao.gob.ec\/azuay\/ultimas-noticias\/","og_site_name":"GAD parroquial Llacao","article_modified_time":"2025-09-11T13:21:49+00:00","og_image":[{"width":1080,"height":1350,"url":"https:\/\/gadllacao.gob.ec\/azuay\/wp-content\/uploads\/2025\/09\/El-proximo-lunes-cerramos-por-fiestas-locales.-1.png","type":"image\/png"}],"twitter_card":"summary_large_image","twitter_misc":{"Tiempo de lectura":"1 minuto"},"schema":{"@context":"https:\/\/schema.org","@graph":[{"@type":"WebPage","@id":"https:\/\/gadllacao.gob.ec\/azuay\/ultimas-noticias\/","url":"https:\/\/gadllacao.gob.ec\/azuay\/ultimas-noticias\/","name":"Ultimas Noticias - GAD parroquial Llacao","isPartOf":{"@id":"https:\/\/gadllacao.gob.ec\/azuay\/#website"},"primaryImageOfPage":{"@id":"https:\/\/gadllacao.gob.ec\/azuay\/ultimas-noticias\/#primaryimage"},"image":{"@id":"https:\/\/gadllacao.gob.ec\/azuay\/ultimas-noticias\/#primaryimage"},"thumbnailUrl":"https:\/\/gadllacao.gob.ec\/azuay\/wp-content\/uploads\/2025\/09\/El-proximo-lunes-cerramos-por-fiestas-locales.-1.png","datePublished":"2014-10-24T02:10:00+00:00","dateModified":"2025-09-11T13:21:49+00:00","breadcrumb":{"@id":"https:\/\/gadllacao.gob.ec\/azuay\/ultimas-noticias\/#breadcrumb"},"inLanguage":"es","potentialAction":[{"@type":"ReadAction","target":["https:\/\/gadllacao.gob.ec\/azuay\/ultimas-noticias\/"]}]},{"@type":"ImageObject","inLanguage":"es","@id":"https:\/\/gadllacao.gob.ec\/azuay\/ultimas-noticias\/#primaryimage","url":"https:\/\/gadllacao.gob.ec\/azuay\/wp-content\/uploads\/2025\/09\/El-proximo-lunes-cerramos-por-fiestas-locales.-1.png","contentUrl":"https:\/\/gadllacao.gob.ec\/azuay\/wp-content\/uploads\/2025\/09\/El-proximo-lunes-cerramos-por-fiestas-locales.-1.png","width":1080,"height":1350},{"@type":"BreadcrumbList","@id":"https:\/\/gadllacao.gob.ec\/azuay\/ultimas-noticias\/#breadcrumb","itemListElement":[{"@type":"ListItem","position":1,"name":"Portada","item":"https:\/\/gadllacao.gob.ec\/azuay\/"},{"@type":"ListItem","position":2,"name":"Ultimas Noticias"}]},{"@type":"WebSite","@id":"https:\/\/gadllacao.gob.ec\/azuay\/#website","url":"https:\/\/gadllacao.gob.ec\/azuay\/","name":"GAD parroquial Llacao","description":"Sitio Oficial del GAD Parroquial Mariano Moreno Azuay","publisher":{"@id":"https:\/\/gadllacao.gob.ec\/azuay\/#organization"},"potentialAction":[{"@type":"SearchAction","target":{"@type":"EntryPoint","urlTemplate":"https:\/\/gadllacao.gob.ec\/azuay\/?s={search_term_string}"},"query-input":{"@type":"PropertyValueSpecification","valueRequired":true,"valueName":"search_term_string"}}],"inLanguage":"es"},{"@type":"Organization","@id":"https:\/\/gadllacao.gob.ec\/azuay\/#organization","name":"GAD Llacao Azuay","url":"https:\/\/gadllacao.gob.ec\/azuay\/","logo":{"@type":"ImageObject","inLanguage":"es","@id":"https:\/\/gadllacao.gob.ec\/azuay\/#\/schema\/logo\/image\/","url":"https:\/\/gadllacao.gob.ec\/azuay\/wp-content\/uploads\/2020\/06\/logoFooter.png","contentUrl":"https:\/\/gadllacao.gob.ec\/azuay\/wp-content\/uploads\/2020\/06\/logoFooter.png","width":200,"height":150,"caption":"GAD Llacao Azuay"},"image":{"@id":"https:\/\/gadllacao.gob.ec\/azuay\/#\/schema\/logo\/image\/"}}]}},"_links":{"self":[{"href":"https:\/\/gadllacao.gob.ec\/azuay\/wp-json\/wp\/v2\/pages\/21","targetHints":{"allow":["GET"]}}],"collection":[{"href":"https:\/\/gadllacao.gob.ec\/azuay\/wp-json\/wp\/v2\/pages"}],"about":[{"href":"https:\/\/gadllacao.gob.ec\/azuay\/wp-json\/wp\/v2\/types\/page"}],"author":[{"embeddable":true,"href":"https:\/\/gadllacao.gob.ec\/azuay\/wp-json\/wp\/v2\/users\/7"}],"replies":[{"embeddable":true,"href":"https:\/\/gadllacao.gob.ec\/azuay\/wp-json\/wp\/v2\/comments?post=21"}],"version-history":[{"count":7,"href":"https:\/\/gadllacao.gob.ec\/azuay\/wp-json\/wp\/v2\/pages\/21\/revisions"}],"predecessor-version":[{"id":4029,"href":"https:\/\/gadllacao.gob.ec\/azuay\/wp-json\/wp\/v2\/pages\/21\/revisions\/4029"}],"wp:featuredmedia":[{"embeddable":true,"href":"https:\/\/gadllacao.gob.ec\/azuay\/wp-json\/wp\/v2\/media\/4020"}],"wp:attachment":[{"href":"https:\/\/gadllacao.gob.ec\/azuay\/wp-json\/wp\/v2\/media?parent=21"}],"curies":[{"name":"wp","href":"https:\/\/api.w.org\/{rel}","templated":true}]}}