{"id":2834,"date":"2024-01-02T05:22:03","date_gmt":"2024-01-02T09:22:03","guid":{"rendered":"https:\/\/gadllacao.gob.ec\/azuay\/?page_id=2834"},"modified":"2025-09-09T17:55:57","modified_gmt":"2025-09-09T21:55:57","slug":"rendicion-de-cuentas-2024","status":"publish","type":"page","link":"https:\/\/gadllacao.gob.ec\/azuay\/rendicion-de-cuentas-2024\/","title":{"rendered":"Rendici\u00f3n de Cuentas 2024"},"content":{"rendered":"<p style=\"text-align: center;\"><strong>RENDICI\u00d3N DE CUENTAS A\u00d1O 2024 DEL GAD PARROQUIAL DE LLACAO\u00a0<\/strong><\/p>\n<p>Normativa para el desarrollo de la rendici\u00f3n de cuentas 2024:<a href=\"https:\/\/gadllacao.gob.ec\/azuay\/wp-content\/uploads\/2025\/08\/WhatsApp-Image-2025-08-13-at-17.34.51.jpeg\"><img loading=\"lazy\" decoding=\"async\" class=\"alignright wp-image-3987 size-medium\" src=\"https:\/\/gadllacao.gob.ec\/azuay\/wp-content\/uploads\/2025\/08\/WhatsApp-Image-2025-08-13-at-17.34.51-240x300.jpeg\" alt=\"\" width=\"240\" height=\"300\" srcset=\"https:\/\/gadllacao.gob.ec\/azuay\/wp-content\/uploads\/2025\/08\/WhatsApp-Image-2025-08-13-at-17.34.51-240x300.jpeg 240w, https:\/\/gadllacao.gob.ec\/azuay\/wp-content\/uploads\/2025\/08\/WhatsApp-Image-2025-08-13-at-17.34.51-819x1024.jpeg 819w, https:\/\/gadllacao.gob.ec\/azuay\/wp-content\/uploads\/2025\/08\/WhatsApp-Image-2025-08-13-at-17.34.51-768x960.jpeg 768w, https:\/\/gadllacao.gob.ec\/azuay\/wp-content\/uploads\/2025\/08\/WhatsApp-Image-2025-08-13-at-17.34.51.jpeg 1080w\" sizes=\"auto, (max-width: 240px) 100vw, 240px\" \/><\/a><\/p>\n<p><a href=\"https:\/\/gadllacao.gob.ec\/azuay\/wp-content\/uploads\/2025\/07\/RESOLUCION-No.-CPCCS-PLE-SG-007-E-2025-0070.pdf\">RESOLUCION-No.-CPCCS-PLE-SG-007-E-2025-0070<\/a><\/p>\n<p><a href=\"https:\/\/gadllacao.gob.ec\/azuay\/wp-content\/uploads\/2025\/07\/CPC-REGLAMENTO-RENDICION-DE-CUENTAS.pdf\">CPC-REGLAMENTO-RENDICION-DE-CUENTAS<\/a><\/p>\n<p><a href=\"https:\/\/gadllacao.gob.ec\/azuay\/wp-content\/uploads\/2025\/07\/Instrucciones_de_llenado_GADs-.pdf\">INSTRUCCIONES DE LLENADO GADs<\/a><\/p>\n<p><strong>FASE 1 PLANIFICACI\u00d3N Y FACILITACI\u00d3N DEL PROCESO<a href=\"https:\/\/gadbulan.gob.ec\/azuay\/wp-content\/uploads\/2025\/06\/WhatsApp-Image-2025-06-19-at-4.04.47-PM.jpeg\">\u00a0<\/a><\/strong><\/p>\n<p>&nbsp;<\/p>\n<p><a href=\"https:\/\/gadllacao.gob.ec\/azuay\/wp-content\/uploads\/2025\/07\/Acta-Responsable-Rendicion-Cuentas-2024.pdf\">ACTA DELEGACI\u00d3N RESPONSABLE RENDICI\u00d3N DE CUENTAS ENERO-DICIEMBRE-2024<\/a><\/p>\n<p><a href=\"https:\/\/gadllacao.gob.ec\/azuay\/wp-content\/uploads\/2025\/08\/Oficio-Rendicion-de-cuentas.pdf\">Oficio No. 93 PRES-GADLLACAO-2025. Convocatoria para el desarrollo de la primera fase\u00a0 Rendici\u00f3n de cuentas del GAD Parroquial de Llacao a\u00f1o 2024\u00a0<\/a><\/p>\n<p><a href=\"https:\/\/gadllacao.gob.ec\/azuay\/wp-content\/uploads\/2025\/08\/RENDICION-PREGUNTAS.pdf\">PREGUNTAS REALIZADAS POR LA CUIDADANIA EN LINEA\u00a0<\/a><\/p>\n<p><a href=\"https:\/\/gadllacao.gob.ec\/azuay\/wp-content\/uploads\/2025\/08\/registro.pdf\">Registro de Ciudadanos que participan en fase 1<\/a><\/p>\n<p><a href=\"https:\/\/gadllacao.gob.ec\/azuay\/wp-content\/uploads\/2025\/08\/PDOT-Llacao_merged.pdf\">PDOT-Llacao 2023-2027<\/a><\/p>\n<p><a href=\"https:\/\/gadllacao.gob.ec\/azuay\/wp-content\/uploads\/2025\/08\/CONSULTA-CUIDADANA-REALIZADA-EL-DIA-12-DE-MAYO-2025-signed.pdf\">CONSULTA CUIDADANA REALIZADA EL DIA 12 DE MAYO 2025-signed<\/a><\/p>\n<p><a href=\"https:\/\/gadllacao.gob.ec\/azuay\/wp-content\/uploads\/2025\/08\/Evaluacion-Ciudadana.pdf\">Sugerencia Ciudadana<\/a><\/p>\n<p><a href=\"https:\/\/gadllacao.gob.ec\/azuay\/wp-content\/uploads\/2025\/08\/Plan-de-Trabajo.pdf\">Plan de Trabajo.<\/a><\/p>\n<p><a href=\"https:\/\/gadllacao.gob.ec\/azuay\/wp-content\/uploads\/2025\/08\/Registro-Firmas-Entrega-de-Ofi.pdf\">Entrega de Convocatorias Fase 1<\/a><\/p>\n<p><strong>FASE 2. EVALUACI\u00d3N DE LA GESTI\u00d3N Y ELABORACI\u00d3N DEL INFORME PRELIMINAR DE RENDICION DE CUENTAS.<\/strong><\/p>\n<p><a href=\"https:\/\/gadllacao.gob.ec\/azuay\/wp-content\/uploads\/2025\/08\/Gobierno-Autonomo-Descentralizado-Parroquial-De-Llacao-Informe-Anual-2024-1.pdf\">Gobierno Aut\u00f3nomo Descentralizado Parroquial De Llacao &#8211; Informe Anual 2024 <\/a><\/p>\n<p><a href=\"https:\/\/gadllacao.gob.ec\/azuay\/wp-content\/uploads\/2025\/08\/RENDICION-DE-CUENTAS-2024.pdf\">RENDICI\u00d3N DE CUENTAS 2024<\/a>.<\/p>\n<p><a href=\"https:\/\/gadllacao.gob.ec\/azuay\/wp-content\/uploads\/2025\/08\/PROCESOS-INFIMA-CUANTIA-ANO-2024.pdf\">PROCESOS INFIMA CUANTIA- A\u00d1O 2024<\/a><\/p>\n<p><a href=\"https:\/\/gadllacao.gob.ec\/azuay\/wp-content\/uploads\/2025\/08\/Certificado_Cumplimiento_Tributario-8.pdf\">CETIFICADO CUMPLIMIENTO TRIBUTARIO\u00a0<\/a><\/p>\n<p><a href=\"https:\/\/gadllacao.gob.ec\/azuay\/wp-content\/uploads\/2025\/08\/INFIMAS-REALIZADAS-EN-EL-ANO-2024.pdf\">INFIMAS REALIZADAS EN EL A\u00d1O 2024<\/a><\/p>\n<p><a href=\"https:\/\/gadllacao.gob.ec\/azuay\/wp-content\/uploads\/2025\/09\/Acta-Rendicion-de-Cuentas-2024.pdf\">Acta Rendici\u00f3n de Cuentas 2024<\/a><\/p>\n<p><strong>RENDICI\u00d3N DE CUENTAS VOCALES GAD LLACAO<\/strong><\/p>\n<p><a href=\"https:\/\/gadllacao.gob.ec\/azuay\/wp-content\/uploads\/2025\/08\/Walter-Quito.pdf\">Arq. Walter Quito<\/a><\/p>\n<p><a href=\"https:\/\/gadllacao.gob.ec\/azuay\/wp-content\/uploads\/2025\/08\/RENDICION-DE-CUENTAS-ENE-DIC-2024-VIALIDAD.pdf\">RENDICION-DE-CUENTAS-ENE-DIC 2024 -VIALIDAD<\/a><\/p>\n<p><a href=\"https:\/\/gadllacao.gob.ec\/azuay\/wp-content\/uploads\/2025\/08\/Miriam-Llivisaca.pdf\">Sra. Miriam Llivisaca<\/a><\/p>\n<p><a href=\"https:\/\/gadllacao.gob.ec\/azuay\/wp-content\/uploads\/2025\/08\/Rendicion-Cuentas-2024-Infraestructura-.pdf\">Rendici\u00f3n Cuentas 2024-Infraestructura<\/a><\/p>\n<p><strong>PRESENTACION RENDICI\u00d3N DE CUENTAS VOCALES SUPLENTES GAD LLACAO<\/strong><\/p>\n<p><a href=\"https:\/\/gadllacao.gob.ec\/azuay\/wp-content\/uploads\/2025\/08\/rendicion-de-cuentas-2024-1.pdf\">RENDICI\u00d3N DE CUENTAS- 2024-VOCAL ALTERNO ECONOMICO PRODUCTIVO MEDIO AMBIENTAL<\/a><\/p>\n<p><a href=\"https:\/\/gadllacao.gob.ec\/azuay\/wp-content\/uploads\/2025\/08\/Autoridades-2.pdf\">Sr. Adrian Cajamarca.<\/a><\/p>\n<p><strong>PROYECTOS EJECUTADOS EN EL A\u00d1O 2024<\/strong><\/p>\n<p><a href=\"https:\/\/gadllacao.gob.ec\/azuay\/wp-content\/uploads\/2025\/08\/proyecto-1.pdf\">Proyecto 1- FORTALECIMIENTO A LOS PROCESOS CULTURALES, RESCATE DE LA CULTURA COSTUMBRES, IDENTIDAD Y TRADICIONES.<\/a><\/p>\n<p><a href=\"https:\/\/gadllacao.gob.ec\/azuay\/wp-content\/uploads\/2025\/08\/proyecto-2.pdf\">Proyecto 2-MATENIMIENTO VIAL\u00a0 DE LA PARROQUIA.<\/a><\/p>\n<p><a href=\"https:\/\/gadllacao.gob.ec\/azuay\/wp-content\/uploads\/2025\/08\/proyecto-3.pdf\">Proyecto 3-PROYECTO PRODUCTIVO<\/a><\/p>\n<p><a href=\"https:\/\/gadllacao.gob.ec\/azuay\/wp-content\/uploads\/2025\/08\/proyecto-4.pdf\">Proyecto 4-SECTOR BURNERABLE DE LA PARROQUIA<\/a><\/p>\n<p><a href=\"https:\/\/gadllacao.gob.ec\/azuay\/wp-content\/uploads\/2025\/08\/proyecto-5.pdf\">Proyecto 5-FOMENTAR LA CULTURA, MUSICA, ARTE, EL DEPORTE.<\/a><\/p>\n<p><a href=\"https:\/\/gadllacao.gob.ec\/azuay\/wp-content\/uploads\/2025\/08\/proyecto-6.pdf\">Proyecto 6- REFORESTACI\u00d3N Y RECUPERACI\u00d3N DE QUEBRADAS<\/a><\/p>\n<p><a href=\"https:\/\/gadllacao.gob.ec\/azuay\/wp-content\/uploads\/2025\/08\/proyecto-7.pdf\">Proyecto 7-FORTALECIMIENTO INSTITUCIONAL.<\/a><\/p>\n<p><a href=\"https:\/\/gadllacao.gob.ec\/azuay\/wp-content\/uploads\/2025\/08\/proyecto-8.pdf\">Proyecto 8-\/ LIMPIEZA Y DE LA AREA URBANO PARROQUIAL.<\/a><\/p>\n<p><a href=\"https:\/\/gadllacao.gob.ec\/azuay\/wp-content\/uploads\/2025\/08\/proyecto-9.pdf\">Proyecto 9-PROYECTO ADULTOS MAYORES MIES<\/a><\/p>\n<p><a href=\"https:\/\/gadllacao.gob.ec\/azuay\/wp-content\/uploads\/2025\/08\/proyecto-10.pdf\">Proyecto 10-PROYECTO AGRICOLA COMPOST.<\/a><\/p>\n<p><a href=\"https:\/\/gadllacao.gob.ec\/azuay\/wp-content\/uploads\/2025\/08\/proyecto-11.pdf\">Proyecto 11-INRAESTRUCTURA COMUNAL Y EQUIPAMENTOS.<\/a><\/p>\n<p><strong>PROYECTOS FACTIBILIDAD 2024\u00a0<\/strong><\/p>\n<p><a href=\"https:\/\/gadllacao.gob.ec\/azuay\/wp-content\/uploads\/2025\/08\/PP2024.pdf\">PP2024<\/a><\/p>\n<p><strong>FORMULARIO RENDICIC\u00d3N DE CUENTAS GAD LLACAO\u00a0<\/strong><\/p>\n<p><a href=\"https:\/\/gadllacao.gob.ec\/azuay\/wp-content\/uploads\/2025\/08\/ReporteInformeGadMunicipal.pdf\">REPORTE INFORME GAD LLACAO\u00a0<\/a><\/p>\n","protected":false},"excerpt":{"rendered":"<p>RENDICI\u00d3N DE CUENTAS A\u00d1O 2024 DEL GAD PARROQUIAL DE LLACAO\u00a0 Normativa para el desarrollo de la rendici\u00f3n de cuentas 2024: RESOLUCION-No.-CPCCS-PLE-SG-007-E-2025-0070 CPC-REGLAMENTO-RENDICION-DE-CUENTAS INSTRUCCIONES DE LLENADO GADs FASE 1 PLANIFICACI\u00d3N Y FACILITACI\u00d3N DEL PROCESO\u00a0 &nbsp; ACTA DELEGACI\u00d3N RESPONSABLE RENDICI\u00d3N DE CUENTAS ENERO-DICIEMBRE-2024 Oficio No. 93 PRES-GADLLACAO-2025. Convocatoria para el desarrollo de la primera fase\u00a0 Rendici\u00f3n de [&hellip;]<\/p>\n","protected":false},"author":7,"featured_media":0,"parent":0,"menu_order":0,"comment_status":"closed","ping_status":"closed","template":"","meta":{"footnotes":""},"class_list":["post-2834","page","type-page","status-publish","hentry"],"yoast_head":"<!-- This site is optimized with the Yoast SEO plugin v24.1 - https:\/\/yoast.com\/wordpress\/plugins\/seo\/ -->\n<title>Rendici\u00f3n de Cuentas 2024 - GAD parroquial Llacao<\/title>\n<meta name=\"robots\" content=\"index, follow, max-snippet:-1, max-image-preview:large, max-video-preview:-1\" \/>\n<link rel=\"canonical\" href=\"https:\/\/gadllacao.gob.ec\/azuay\/rendicion-de-cuentas-2024\/\" \/>\n<meta property=\"og:locale\" content=\"es_ES\" \/>\n<meta property=\"og:type\" content=\"article\" \/>\n<meta property=\"og:title\" content=\"Rendici\u00f3n de Cuentas 2024 - GAD parroquial Llacao\" \/>\n<meta property=\"og:description\" content=\"RENDICI\u00d3N DE CUENTAS A\u00d1O 2024 DEL GAD PARROQUIAL DE LLACAO\u00a0 Normativa para el desarrollo de la rendici\u00f3n de cuentas 2024: RESOLUCION-No.-CPCCS-PLE-SG-007-E-2025-0070 CPC-REGLAMENTO-RENDICION-DE-CUENTAS INSTRUCCIONES DE LLENADO GADs FASE 1 PLANIFICACI\u00d3N Y FACILITACI\u00d3N DEL PROCESO\u00a0 &nbsp; ACTA DELEGACI\u00d3N RESPONSABLE RENDICI\u00d3N DE CUENTAS ENERO-DICIEMBRE-2024 Oficio No. 93 PRES-GADLLACAO-2025. Convocatoria para el desarrollo de la primera fase\u00a0 Rendici\u00f3n de [&hellip;]\" \/>\n<meta property=\"og:url\" content=\"https:\/\/gadllacao.gob.ec\/azuay\/rendicion-de-cuentas-2024\/\" \/>\n<meta property=\"og:site_name\" content=\"GAD parroquial Llacao\" \/>\n<meta property=\"article:modified_time\" content=\"2025-09-09T21:55:57+00:00\" \/>\n<meta property=\"og:image\" content=\"https:\/\/gadllacao.gob.ec\/azuay\/wp-content\/uploads\/2025\/08\/WhatsApp-Image-2025-08-13-at-17.34.51.jpeg\" \/>\n\t<meta property=\"og:image:width\" content=\"1080\" \/>\n\t<meta property=\"og:image:height\" content=\"1350\" \/>\n\t<meta property=\"og:image:type\" content=\"image\/jpeg\" \/>\n<meta name=\"twitter:card\" content=\"summary_large_image\" \/>\n<meta name=\"twitter:label1\" content=\"Tiempo de lectura\" \/>\n\t<meta name=\"twitter:data1\" content=\"2 minutos\" \/>\n<script type=\"application\/ld+json\" class=\"yoast-schema-graph\">{\"@context\":\"https:\/\/schema.org\",\"@graph\":[{\"@type\":\"WebPage\",\"@id\":\"https:\/\/gadllacao.gob.ec\/azuay\/rendicion-de-cuentas-2024\/\",\"url\":\"https:\/\/gadllacao.gob.ec\/azuay\/rendicion-de-cuentas-2024\/\",\"name\":\"Rendici\u00f3n de Cuentas 2024 - GAD parroquial Llacao\",\"isPartOf\":{\"@id\":\"https:\/\/gadllacao.gob.ec\/azuay\/#website\"},\"primaryImageOfPage\":{\"@id\":\"https:\/\/gadllacao.gob.ec\/azuay\/rendicion-de-cuentas-2024\/#primaryimage\"},\"image\":{\"@id\":\"https:\/\/gadllacao.gob.ec\/azuay\/rendicion-de-cuentas-2024\/#primaryimage\"},\"thumbnailUrl\":\"https:\/\/gadllacao.gob.ec\/azuay\/wp-content\/uploads\/2025\/08\/WhatsApp-Image-2025-08-13-at-17.34.51-240x300.jpeg\",\"datePublished\":\"2024-01-02T09:22:03+00:00\",\"dateModified\":\"2025-09-09T21:55:57+00:00\",\"breadcrumb\":{\"@id\":\"https:\/\/gadllacao.gob.ec\/azuay\/rendicion-de-cuentas-2024\/#breadcrumb\"},\"inLanguage\":\"es\",\"potentialAction\":[{\"@type\":\"ReadAction\",\"target\":[\"https:\/\/gadllacao.gob.ec\/azuay\/rendicion-de-cuentas-2024\/\"]}]},{\"@type\":\"ImageObject\",\"inLanguage\":\"es\",\"@id\":\"https:\/\/gadllacao.gob.ec\/azuay\/rendicion-de-cuentas-2024\/#primaryimage\",\"url\":\"https:\/\/gadllacao.gob.ec\/azuay\/wp-content\/uploads\/2025\/08\/WhatsApp-Image-2025-08-13-at-17.34.51.jpeg\",\"contentUrl\":\"https:\/\/gadllacao.gob.ec\/azuay\/wp-content\/uploads\/2025\/08\/WhatsApp-Image-2025-08-13-at-17.34.51.jpeg\",\"width\":1080,\"height\":1350},{\"@type\":\"BreadcrumbList\",\"@id\":\"https:\/\/gadllacao.gob.ec\/azuay\/rendicion-de-cuentas-2024\/#breadcrumb\",\"itemListElement\":[{\"@type\":\"ListItem\",\"position\":1,\"name\":\"Portada\",\"item\":\"https:\/\/gadllacao.gob.ec\/azuay\/\"},{\"@type\":\"ListItem\",\"position\":2,\"name\":\"Rendici\u00f3n de Cuentas 2024\"}]},{\"@type\":\"WebSite\",\"@id\":\"https:\/\/gadllacao.gob.ec\/azuay\/#website\",\"url\":\"https:\/\/gadllacao.gob.ec\/azuay\/\",\"name\":\"GAD parroquial Llacao\",\"description\":\"Sitio Oficial del GAD Parroquial Mariano Moreno Azuay\",\"publisher\":{\"@id\":\"https:\/\/gadllacao.gob.ec\/azuay\/#organization\"},\"potentialAction\":[{\"@type\":\"SearchAction\",\"target\":{\"@type\":\"EntryPoint\",\"urlTemplate\":\"https:\/\/gadllacao.gob.ec\/azuay\/?s={search_term_string}\"},\"query-input\":{\"@type\":\"PropertyValueSpecification\",\"valueRequired\":true,\"valueName\":\"search_term_string\"}}],\"inLanguage\":\"es\"},{\"@type\":\"Organization\",\"@id\":\"https:\/\/gadllacao.gob.ec\/azuay\/#organization\",\"name\":\"GAD Llacao Azuay\",\"url\":\"https:\/\/gadllacao.gob.ec\/azuay\/\",\"logo\":{\"@type\":\"ImageObject\",\"inLanguage\":\"es\",\"@id\":\"https:\/\/gadllacao.gob.ec\/azuay\/#\/schema\/logo\/image\/\",\"url\":\"https:\/\/gadllacao.gob.ec\/azuay\/wp-content\/uploads\/2020\/06\/logoFooter.png\",\"contentUrl\":\"https:\/\/gadllacao.gob.ec\/azuay\/wp-content\/uploads\/2020\/06\/logoFooter.png\",\"width\":200,\"height\":150,\"caption\":\"GAD Llacao Azuay\"},\"image\":{\"@id\":\"https:\/\/gadllacao.gob.ec\/azuay\/#\/schema\/logo\/image\/\"}}]}<\/script>\n<!-- \/ Yoast SEO plugin. -->","yoast_head_json":{"title":"Rendici\u00f3n de Cuentas 2024 - GAD parroquial Llacao","robots":{"index":"index","follow":"follow","max-snippet":"max-snippet:-1","max-image-preview":"max-image-preview:large","max-video-preview":"max-video-preview:-1"},"canonical":"https:\/\/gadllacao.gob.ec\/azuay\/rendicion-de-cuentas-2024\/","og_locale":"es_ES","og_type":"article","og_title":"Rendici\u00f3n de Cuentas 2024 - GAD parroquial Llacao","og_description":"RENDICI\u00d3N DE CUENTAS A\u00d1O 2024 DEL GAD PARROQUIAL DE LLACAO\u00a0 Normativa para el desarrollo de la rendici\u00f3n de cuentas 2024: RESOLUCION-No.-CPCCS-PLE-SG-007-E-2025-0070 CPC-REGLAMENTO-RENDICION-DE-CUENTAS INSTRUCCIONES DE LLENADO GADs FASE 1 PLANIFICACI\u00d3N Y FACILITACI\u00d3N DEL PROCESO\u00a0 &nbsp; ACTA DELEGACI\u00d3N RESPONSABLE RENDICI\u00d3N DE CUENTAS ENERO-DICIEMBRE-2024 Oficio No. 93 PRES-GADLLACAO-2025. Convocatoria para el desarrollo de la primera fase\u00a0 Rendici\u00f3n de [&hellip;]","og_url":"https:\/\/gadllacao.gob.ec\/azuay\/rendicion-de-cuentas-2024\/","og_site_name":"GAD parroquial Llacao","article_modified_time":"2025-09-09T21:55:57+00:00","og_image":[{"width":1080,"height":1350,"url":"https:\/\/gadllacao.gob.ec\/azuay\/wp-content\/uploads\/2025\/08\/WhatsApp-Image-2025-08-13-at-17.34.51.jpeg","type":"image\/jpeg"}],"twitter_card":"summary_large_image","twitter_misc":{"Tiempo de lectura":"2 minutos"},"schema":{"@context":"https:\/\/schema.org","@graph":[{"@type":"WebPage","@id":"https:\/\/gadllacao.gob.ec\/azuay\/rendicion-de-cuentas-2024\/","url":"https:\/\/gadllacao.gob.ec\/azuay\/rendicion-de-cuentas-2024\/","name":"Rendici\u00f3n de Cuentas 2024 - GAD parroquial Llacao","isPartOf":{"@id":"https:\/\/gadllacao.gob.ec\/azuay\/#website"},"primaryImageOfPage":{"@id":"https:\/\/gadllacao.gob.ec\/azuay\/rendicion-de-cuentas-2024\/#primaryimage"},"image":{"@id":"https:\/\/gadllacao.gob.ec\/azuay\/rendicion-de-cuentas-2024\/#primaryimage"},"thumbnailUrl":"https:\/\/gadllacao.gob.ec\/azuay\/wp-content\/uploads\/2025\/08\/WhatsApp-Image-2025-08-13-at-17.34.51-240x300.jpeg","datePublished":"2024-01-02T09:22:03+00:00","dateModified":"2025-09-09T21:55:57+00:00","breadcrumb":{"@id":"https:\/\/gadllacao.gob.ec\/azuay\/rendicion-de-cuentas-2024\/#breadcrumb"},"inLanguage":"es","potentialAction":[{"@type":"ReadAction","target":["https:\/\/gadllacao.gob.ec\/azuay\/rendicion-de-cuentas-2024\/"]}]},{"@type":"ImageObject","inLanguage":"es","@id":"https:\/\/gadllacao.gob.ec\/azuay\/rendicion-de-cuentas-2024\/#primaryimage","url":"https:\/\/gadllacao.gob.ec\/azuay\/wp-content\/uploads\/2025\/08\/WhatsApp-Image-2025-08-13-at-17.34.51.jpeg","contentUrl":"https:\/\/gadllacao.gob.ec\/azuay\/wp-content\/uploads\/2025\/08\/WhatsApp-Image-2025-08-13-at-17.34.51.jpeg","width":1080,"height":1350},{"@type":"BreadcrumbList","@id":"https:\/\/gadllacao.gob.ec\/azuay\/rendicion-de-cuentas-2024\/#breadcrumb","itemListElement":[{"@type":"ListItem","position":1,"name":"Portada","item":"https:\/\/gadllacao.gob.ec\/azuay\/"},{"@type":"ListItem","position":2,"name":"Rendici\u00f3n de Cuentas 2024"}]},{"@type":"WebSite","@id":"https:\/\/gadllacao.gob.ec\/azuay\/#website","url":"https:\/\/gadllacao.gob.ec\/azuay\/","name":"GAD parroquial Llacao","description":"Sitio Oficial del GAD Parroquial Mariano Moreno Azuay","publisher":{"@id":"https:\/\/gadllacao.gob.ec\/azuay\/#organization"},"potentialAction":[{"@type":"SearchAction","target":{"@type":"EntryPoint","urlTemplate":"https:\/\/gadllacao.gob.ec\/azuay\/?s={search_term_string}"},"query-input":{"@type":"PropertyValueSpecification","valueRequired":true,"valueName":"search_term_string"}}],"inLanguage":"es"},{"@type":"Organization","@id":"https:\/\/gadllacao.gob.ec\/azuay\/#organization","name":"GAD Llacao Azuay","url":"https:\/\/gadllacao.gob.ec\/azuay\/","logo":{"@type":"ImageObject","inLanguage":"es","@id":"https:\/\/gadllacao.gob.ec\/azuay\/#\/schema\/logo\/image\/","url":"https:\/\/gadllacao.gob.ec\/azuay\/wp-content\/uploads\/2020\/06\/logoFooter.png","contentUrl":"https:\/\/gadllacao.gob.ec\/azuay\/wp-content\/uploads\/2020\/06\/logoFooter.png","width":200,"height":150,"caption":"GAD Llacao Azuay"},"image":{"@id":"https:\/\/gadllacao.gob.ec\/azuay\/#\/schema\/logo\/image\/"}}]}},"_links":{"self":[{"href":"https:\/\/gadllacao.gob.ec\/azuay\/wp-json\/wp\/v2\/pages\/2834","targetHints":{"allow":["GET"]}}],"collection":[{"href":"https:\/\/gadllacao.gob.ec\/azuay\/wp-json\/wp\/v2\/pages"}],"about":[{"href":"https:\/\/gadllacao.gob.ec\/azuay\/wp-json\/wp\/v2\/types\/page"}],"author":[{"embeddable":true,"href":"https:\/\/gadllacao.gob.ec\/azuay\/wp-json\/wp\/v2\/users\/7"}],"replies":[{"embeddable":true,"href":"https:\/\/gadllacao.gob.ec\/azuay\/wp-json\/wp\/v2\/comments?post=2834"}],"version-history":[{"count":20,"href":"https:\/\/gadllacao.gob.ec\/azuay\/wp-json\/wp\/v2\/pages\/2834\/revisions"}],"predecessor-version":[{"id":4019,"href":"https:\/\/gadllacao.gob.ec\/azuay\/wp-json\/wp\/v2\/pages\/2834\/revisions\/4019"}],"wp:attachment":[{"href":"https:\/\/gadllacao.gob.ec\/azuay\/wp-json\/wp\/v2\/media?parent=2834"}],"curies":[{"name":"wp","href":"https:\/\/api.w.org\/{rel}","templated":true}]}}