{"id":293,"date":"2016-03-20T16:07:04","date_gmt":"2016-03-20T20:07:04","guid":{"rendered":"http:\/\/gadllacao.gob.ec\/azuay\/?page_id=293"},"modified":"2018-04-27T18:10:23","modified_gmt":"2018-04-27T22:10:23","slug":"rendicion-de-cuentas-2016","status":"publish","type":"page","link":"https:\/\/gadllacao.gob.ec\/azuay\/rendicion-de-cuentas-2016\/","title":{"rendered":"Rendici\u00f3n de Cuentas 2016"},"content":{"rendered":"<p><a href=\"http:\/\/gadllacao.gob.ec\/azuay\/wp-content\/uploads\/2016\/03\/img413.pdf\">OBJETIVOS DEL PLAN DE DESARROLLO EN SU TERRITORIO<\/a><\/p>\n<p><a href=\"http:\/\/gadllacao.gob.ec\/azuay\/wp-content\/uploads\/2016\/03\/CEDULA-PRESUPUESTARIA-DE-GASTOS-2016.pdf\">CUMPLIMIENTO DE LA EJECUCI\u00d3N PROGRAM\u00c1TICA C\u00c9DULA PRESUPUESTARIA DE GASTOS 2016<\/a><\/p>\n<p><a href=\"http:\/\/gadllacao.gob.ec\/azuay\/?attachment_id=1065\" rel=\"attachment wp-att-1065\">CUMPLIMIENTO DE LA EJECUCI\u00d3N PRESUPUESTARIA CEDULA PRESUPUESTARIA DE GASTOS 2016<\/a><\/p>\n<p><a href=\"http:\/\/gadllacao.gob.ec\/azuay\/wp-content\/uploads\/2016\/03\/ACTA-CONFORMACI\u00d3N-ASAMBLEA-CIUDADANA.pdf\">ACTA CONFORMACI\u00d3N ASAMBLEA CIUDADANA<\/a><\/p>\n<p><a href=\"http:\/\/gadllacao.gob.ec\/azuay\/?attachment_id=1062\" rel=\"attachment wp-att-1062\">FASE I PLANIFICACI\u00d3N Y FACILITACI\u00d3N DEL PROCESO DESDE LA ASAMBLEA CIUDADANA<\/a><\/p>\n<p><a href=\"http:\/\/gadllacao.gob.ec\/azuay\/?attachment_id=1063\" rel=\"attachment wp-att-1063\">FASE II EVALUACI\u00d3N DE LA GESTI\u00d3N Y REDACCI\u00d3N DEL INFORME DE LA INSTITUCI\u00d3N<\/a><\/p>\n<p><a href=\"http:\/\/gadllacao.gob.ec\/azuay\/?attachment_id=1064\" rel=\"attachment wp-att-1064\">FASE III EVALUACI\u00d3N CIUDADANA DEL INFORME INSTITUCIONAL<\/a><\/p>\n<p><a href=\"http:\/\/gadllacao.gob.ec\/azuay\/?attachment_id=1066\" rel=\"attachment wp-att-1066\">DATOS DE LA LIBERACI\u00d3N P\u00daBLICA Y EVALUACI\u00d3N DE RENDICI\u00d3N DE CUENTAS<\/a><\/p>\n<p><a href=\"http:\/\/gadllacao.gob.ec\/azuay\/?attachment_id=1081\" rel=\"attachment wp-att-1081\">PROCESOS DE CONTRATACI\u00d3N Y COMPRAS P\u00daBLICAS DE BIENES Y SERVICIOS<\/a><\/p>\n","protected":false},"excerpt":{"rendered":"<p>OBJETIVOS DEL PLAN DE DESARROLLO EN SU TERRITORIO CUMPLIMIENTO DE LA EJECUCI\u00d3N PROGRAM\u00c1TICA C\u00c9DULA PRESUPUESTARIA DE GASTOS 2016 CUMPLIMIENTO DE LA EJECUCI\u00d3N PRESUPUESTARIA CEDULA PRESUPUESTARIA DE GASTOS 2016 ACTA CONFORMACI\u00d3N ASAMBLEA CIUDADANA FASE I PLANIFICACI\u00d3N Y FACILITACI\u00d3N DEL PROCESO DESDE LA ASAMBLEA CIUDADANA FASE II EVALUACI\u00d3N DE LA GESTI\u00d3N Y REDACCI\u00d3N DEL INFORME DE LA [&hellip;]<\/p>\n","protected":false},"author":7,"featured_media":0,"parent":0,"menu_order":0,"comment_status":"closed","ping_status":"closed","template":"","meta":{"footnotes":""},"class_list":["post-293","page","type-page","status-publish","hentry"],"yoast_head":"<!-- This site is optimized with the Yoast SEO plugin v24.1 - https:\/\/yoast.com\/wordpress\/plugins\/seo\/ -->\n<title>Rendici\u00f3n de Cuentas 2016 - GAD parroquial Llacao<\/title>\n<meta name=\"robots\" content=\"index, follow, max-snippet:-1, max-image-preview:large, max-video-preview:-1\" \/>\n<link rel=\"canonical\" href=\"https:\/\/gadllacao.gob.ec\/azuay\/rendicion-de-cuentas-2016\/\" \/>\n<meta property=\"og:locale\" content=\"es_ES\" \/>\n<meta property=\"og:type\" content=\"article\" \/>\n<meta property=\"og:title\" content=\"Rendici\u00f3n de Cuentas 2016 - GAD parroquial Llacao\" \/>\n<meta property=\"og:description\" content=\"OBJETIVOS DEL PLAN DE DESARROLLO EN SU TERRITORIO CUMPLIMIENTO DE LA EJECUCI\u00d3N PROGRAM\u00c1TICA C\u00c9DULA PRESUPUESTARIA DE GASTOS 2016 CUMPLIMIENTO DE LA EJECUCI\u00d3N PRESUPUESTARIA CEDULA PRESUPUESTARIA DE GASTOS 2016 ACTA CONFORMACI\u00d3N ASAMBLEA CIUDADANA FASE I PLANIFICACI\u00d3N Y FACILITACI\u00d3N DEL PROCESO DESDE LA ASAMBLEA CIUDADANA FASE II EVALUACI\u00d3N DE LA GESTI\u00d3N Y REDACCI\u00d3N DEL INFORME DE LA [&hellip;]\" \/>\n<meta property=\"og:url\" content=\"https:\/\/gadllacao.gob.ec\/azuay\/rendicion-de-cuentas-2016\/\" \/>\n<meta property=\"og:site_name\" content=\"GAD parroquial Llacao\" \/>\n<meta property=\"article:modified_time\" content=\"2018-04-27T22:10:23+00:00\" \/>\n<meta name=\"twitter:card\" content=\"summary_large_image\" \/>\n<meta name=\"twitter:label1\" content=\"Tiempo de lectura\" \/>\n\t<meta name=\"twitter:data1\" content=\"1 minuto\" \/>\n<script type=\"application\/ld+json\" class=\"yoast-schema-graph\">{\"@context\":\"https:\/\/schema.org\",\"@graph\":[{\"@type\":\"WebPage\",\"@id\":\"https:\/\/gadllacao.gob.ec\/azuay\/rendicion-de-cuentas-2016\/\",\"url\":\"https:\/\/gadllacao.gob.ec\/azuay\/rendicion-de-cuentas-2016\/\",\"name\":\"Rendici\u00f3n de Cuentas 2016 - GAD parroquial Llacao\",\"isPartOf\":{\"@id\":\"https:\/\/gadllacao.gob.ec\/azuay\/#website\"},\"datePublished\":\"2016-03-20T20:07:04+00:00\",\"dateModified\":\"2018-04-27T22:10:23+00:00\",\"breadcrumb\":{\"@id\":\"https:\/\/gadllacao.gob.ec\/azuay\/rendicion-de-cuentas-2016\/#breadcrumb\"},\"inLanguage\":\"es\",\"potentialAction\":[{\"@type\":\"ReadAction\",\"target\":[\"https:\/\/gadllacao.gob.ec\/azuay\/rendicion-de-cuentas-2016\/\"]}]},{\"@type\":\"BreadcrumbList\",\"@id\":\"https:\/\/gadllacao.gob.ec\/azuay\/rendicion-de-cuentas-2016\/#breadcrumb\",\"itemListElement\":[{\"@type\":\"ListItem\",\"position\":1,\"name\":\"Portada\",\"item\":\"https:\/\/gadllacao.gob.ec\/azuay\/\"},{\"@type\":\"ListItem\",\"position\":2,\"name\":\"Rendici\u00f3n de Cuentas 2016\"}]},{\"@type\":\"WebSite\",\"@id\":\"https:\/\/gadllacao.gob.ec\/azuay\/#website\",\"url\":\"https:\/\/gadllacao.gob.ec\/azuay\/\",\"name\":\"GAD parroquial Llacao\",\"description\":\"Sitio Oficial del GAD Parroquial Mariano Moreno Azuay\",\"publisher\":{\"@id\":\"https:\/\/gadllacao.gob.ec\/azuay\/#organization\"},\"potentialAction\":[{\"@type\":\"SearchAction\",\"target\":{\"@type\":\"EntryPoint\",\"urlTemplate\":\"https:\/\/gadllacao.gob.ec\/azuay\/?s={search_term_string}\"},\"query-input\":{\"@type\":\"PropertyValueSpecification\",\"valueRequired\":true,\"valueName\":\"search_term_string\"}}],\"inLanguage\":\"es\"},{\"@type\":\"Organization\",\"@id\":\"https:\/\/gadllacao.gob.ec\/azuay\/#organization\",\"name\":\"GAD Llacao Azuay\",\"url\":\"https:\/\/gadllacao.gob.ec\/azuay\/\",\"logo\":{\"@type\":\"ImageObject\",\"inLanguage\":\"es\",\"@id\":\"https:\/\/gadllacao.gob.ec\/azuay\/#\/schema\/logo\/image\/\",\"url\":\"https:\/\/gadllacao.gob.ec\/azuay\/wp-content\/uploads\/2020\/06\/logoFooter.png\",\"contentUrl\":\"https:\/\/gadllacao.gob.ec\/azuay\/wp-content\/uploads\/2020\/06\/logoFooter.png\",\"width\":200,\"height\":150,\"caption\":\"GAD Llacao Azuay\"},\"image\":{\"@id\":\"https:\/\/gadllacao.gob.ec\/azuay\/#\/schema\/logo\/image\/\"}}]}<\/script>\n<!-- \/ Yoast SEO plugin. -->","yoast_head_json":{"title":"Rendici\u00f3n de Cuentas 2016 - GAD parroquial Llacao","robots":{"index":"index","follow":"follow","max-snippet":"max-snippet:-1","max-image-preview":"max-image-preview:large","max-video-preview":"max-video-preview:-1"},"canonical":"https:\/\/gadllacao.gob.ec\/azuay\/rendicion-de-cuentas-2016\/","og_locale":"es_ES","og_type":"article","og_title":"Rendici\u00f3n de Cuentas 2016 - GAD parroquial Llacao","og_description":"OBJETIVOS DEL PLAN DE DESARROLLO EN SU TERRITORIO CUMPLIMIENTO DE LA EJECUCI\u00d3N PROGRAM\u00c1TICA C\u00c9DULA PRESUPUESTARIA DE GASTOS 2016 CUMPLIMIENTO DE LA EJECUCI\u00d3N PRESUPUESTARIA CEDULA PRESUPUESTARIA DE GASTOS 2016 ACTA CONFORMACI\u00d3N ASAMBLEA CIUDADANA FASE I PLANIFICACI\u00d3N Y FACILITACI\u00d3N DEL PROCESO DESDE LA ASAMBLEA CIUDADANA FASE II EVALUACI\u00d3N DE LA GESTI\u00d3N Y REDACCI\u00d3N DEL INFORME DE LA [&hellip;]","og_url":"https:\/\/gadllacao.gob.ec\/azuay\/rendicion-de-cuentas-2016\/","og_site_name":"GAD parroquial Llacao","article_modified_time":"2018-04-27T22:10:23+00:00","twitter_card":"summary_large_image","twitter_misc":{"Tiempo de lectura":"1 minuto"},"schema":{"@context":"https:\/\/schema.org","@graph":[{"@type":"WebPage","@id":"https:\/\/gadllacao.gob.ec\/azuay\/rendicion-de-cuentas-2016\/","url":"https:\/\/gadllacao.gob.ec\/azuay\/rendicion-de-cuentas-2016\/","name":"Rendici\u00f3n de Cuentas 2016 - GAD parroquial Llacao","isPartOf":{"@id":"https:\/\/gadllacao.gob.ec\/azuay\/#website"},"datePublished":"2016-03-20T20:07:04+00:00","dateModified":"2018-04-27T22:10:23+00:00","breadcrumb":{"@id":"https:\/\/gadllacao.gob.ec\/azuay\/rendicion-de-cuentas-2016\/#breadcrumb"},"inLanguage":"es","potentialAction":[{"@type":"ReadAction","target":["https:\/\/gadllacao.gob.ec\/azuay\/rendicion-de-cuentas-2016\/"]}]},{"@type":"BreadcrumbList","@id":"https:\/\/gadllacao.gob.ec\/azuay\/rendicion-de-cuentas-2016\/#breadcrumb","itemListElement":[{"@type":"ListItem","position":1,"name":"Portada","item":"https:\/\/gadllacao.gob.ec\/azuay\/"},{"@type":"ListItem","position":2,"name":"Rendici\u00f3n de Cuentas 2016"}]},{"@type":"WebSite","@id":"https:\/\/gadllacao.gob.ec\/azuay\/#website","url":"https:\/\/gadllacao.gob.ec\/azuay\/","name":"GAD parroquial Llacao","description":"Sitio Oficial del GAD Parroquial Mariano Moreno Azuay","publisher":{"@id":"https:\/\/gadllacao.gob.ec\/azuay\/#organization"},"potentialAction":[{"@type":"SearchAction","target":{"@type":"EntryPoint","urlTemplate":"https:\/\/gadllacao.gob.ec\/azuay\/?s={search_term_string}"},"query-input":{"@type":"PropertyValueSpecification","valueRequired":true,"valueName":"search_term_string"}}],"inLanguage":"es"},{"@type":"Organization","@id":"https:\/\/gadllacao.gob.ec\/azuay\/#organization","name":"GAD Llacao Azuay","url":"https:\/\/gadllacao.gob.ec\/azuay\/","logo":{"@type":"ImageObject","inLanguage":"es","@id":"https:\/\/gadllacao.gob.ec\/azuay\/#\/schema\/logo\/image\/","url":"https:\/\/gadllacao.gob.ec\/azuay\/wp-content\/uploads\/2020\/06\/logoFooter.png","contentUrl":"https:\/\/gadllacao.gob.ec\/azuay\/wp-content\/uploads\/2020\/06\/logoFooter.png","width":200,"height":150,"caption":"GAD Llacao Azuay"},"image":{"@id":"https:\/\/gadllacao.gob.ec\/azuay\/#\/schema\/logo\/image\/"}}]}},"_links":{"self":[{"href":"https:\/\/gadllacao.gob.ec\/azuay\/wp-json\/wp\/v2\/pages\/293","targetHints":{"allow":["GET"]}}],"collection":[{"href":"https:\/\/gadllacao.gob.ec\/azuay\/wp-json\/wp\/v2\/pages"}],"about":[{"href":"https:\/\/gadllacao.gob.ec\/azuay\/wp-json\/wp\/v2\/types\/page"}],"author":[{"embeddable":true,"href":"https:\/\/gadllacao.gob.ec\/azuay\/wp-json\/wp\/v2\/users\/7"}],"replies":[{"embeddable":true,"href":"https:\/\/gadllacao.gob.ec\/azuay\/wp-json\/wp\/v2\/comments?post=293"}],"version-history":[{"count":5,"href":"https:\/\/gadllacao.gob.ec\/azuay\/wp-json\/wp\/v2\/pages\/293\/revisions"}],"predecessor-version":[{"id":1082,"href":"https:\/\/gadllacao.gob.ec\/azuay\/wp-json\/wp\/v2\/pages\/293\/revisions\/1082"}],"wp:attachment":[{"href":"https:\/\/gadllacao.gob.ec\/azuay\/wp-json\/wp\/v2\/media?parent=293"}],"curies":[{"name":"wp","href":"https:\/\/api.w.org\/{rel}","templated":true}]}}