{"id":804,"date":"2017-12-20T12:14:02","date_gmt":"2017-12-20T16:14:02","guid":{"rendered":"http:\/\/gadllacao.gob.ec\/azuay\/?page_id=804"},"modified":"2019-05-13T22:38:00","modified_gmt":"2019-05-14T02:38:00","slug":"rendicion-de-cuentas-2018","status":"publish","type":"page","link":"https:\/\/gadllacao.gob.ec\/azuay\/rendicion-de-cuentas-2018\/","title":{"rendered":"Rendici\u00f3n de Cuentas 2018"},"content":{"rendered":"<p><a href=\"http:\/\/gadllacao.gob.ec\/azuay\/wp-content\/uploads\/2019\/05\/ACTA-CONFORMACI\u00d3N-ASAMBLEA-CIUDADANA...pdf\">ACTA-CONFORMACI\u00d3N-ASAMBLEA-CIUDADANA..<\/a><\/p>\n<p><a href=\"http:\/\/gadllacao.gob.ec\/azuay\/wp-content\/uploads\/2019\/05\/OBJETIVOS-DEL-PLAN-DE-DESARROLLO-EN-SU-TERRITORIO-1.pdf\">OBJETIVOS-DEL-PLAN-DE-DESARROLLO-EN-SU-TERRITORIO (1)<\/a><\/p>\n<p><a href=\"http:\/\/gadllacao.gob.ec\/azuay\/wp-content\/uploads\/2019\/05\/PRESUPUESTO-2018.pdf\">PRESUPUESTO 2018<\/a><\/p>\n<p><a href=\"http:\/\/gadllacao.gob.ec\/azuay\/wp-content\/uploads\/2019\/05\/CEDULA-GASTOS-31-DE-DICIEMBRE-DE-2018.pdf\">CEDULA GASTOS 31 DE DICIEMBRE DE 2018<\/a><\/p>\n<p><a href=\"http:\/\/gadllacao.gob.ec\/azuay\/wp-content\/uploads\/2019\/05\/FASE-1-PLANIFICACI\u00d3N-Y-FACILITACI\u00d3N-DEL-PROCESO-DE-RENDICI\u00d3N-DE-CUENTAS-POR-LA-ASAMBLEA-CIUDADANA.pdf\">FASE 1 PLANIFICACI\u00d3N Y FACILITACI\u00d3N DEL PROCESO DE RENDICI\u00d3N DE CUENTAS POR LA ASAMBLEA CIUDADANA<\/a><\/p>\n<p><a href=\"http:\/\/gadllacao.gob.ec\/azuay\/wp-content\/uploads\/2019\/05\/FASE-2-EVALUACI\u00d3N-DE-LA-GESTI\u00d3N-Y-ELABORACI\u00d3N-DEL-INFORME-DE-RENDICI\u00d3N-DE-CUENTAS.pdf\">FASE 2 EVALUACI\u00d3N DE LA GESTI\u00d3N Y ELABORACI\u00d3N DEL INFORME DE RENDICI\u00d3N DE CUENTAS<\/a><\/p>\n<p><a href=\"http:\/\/gadllacao.gob.ec\/azuay\/wp-content\/uploads\/2019\/05\/FASE-3-DELIBERACI\u00d3N-P\u00daBLICA-Y-EVALUACI\u00d3N-CIUDADANA-DEL-INFORME-DE-RENDICI\u00d3N-DE-CUENTAS.pdf\">FASE 3 DELIBERACI\u00d3N P\u00daBLICA Y EVALUACI\u00d3N CIUDADANA DEL INFORME DE RENDICI\u00d3N DE CUENTAS<\/a><\/p>\n","protected":false},"excerpt":{"rendered":"<p>ACTA-CONFORMACI\u00d3N-ASAMBLEA-CIUDADANA.. OBJETIVOS-DEL-PLAN-DE-DESARROLLO-EN-SU-TERRITORIO (1) PRESUPUESTO 2018 CEDULA GASTOS 31 DE DICIEMBRE DE 2018 FASE 1 PLANIFICACI\u00d3N Y FACILITACI\u00d3N DEL PROCESO DE RENDICI\u00d3N DE CUENTAS POR LA ASAMBLEA CIUDADANA FASE 2 EVALUACI\u00d3N DE LA GESTI\u00d3N Y ELABORACI\u00d3N DEL INFORME DE RENDICI\u00d3N DE CUENTAS FASE 3 DELIBERACI\u00d3N P\u00daBLICA Y EVALUACI\u00d3N CIUDADANA DEL INFORME DE RENDICI\u00d3N DE CUENTAS<\/p>\n","protected":false},"author":7,"featured_media":0,"parent":0,"menu_order":0,"comment_status":"closed","ping_status":"closed","template":"","meta":{"footnotes":""},"class_list":["post-804","page","type-page","status-publish","hentry"],"yoast_head":"<!-- This site is optimized with the Yoast SEO plugin v24.1 - https:\/\/yoast.com\/wordpress\/plugins\/seo\/ -->\n<title>Rendici\u00f3n de Cuentas 2018 - GAD parroquial Llacao<\/title>\n<meta name=\"robots\" content=\"index, follow, max-snippet:-1, max-image-preview:large, max-video-preview:-1\" \/>\n<link rel=\"canonical\" href=\"https:\/\/gadllacao.gob.ec\/azuay\/rendicion-de-cuentas-2018\/\" \/>\n<meta property=\"og:locale\" content=\"es_ES\" \/>\n<meta property=\"og:type\" content=\"article\" \/>\n<meta property=\"og:title\" content=\"Rendici\u00f3n de Cuentas 2018 - GAD parroquial Llacao\" \/>\n<meta property=\"og:description\" content=\"ACTA-CONFORMACI\u00d3N-ASAMBLEA-CIUDADANA.. OBJETIVOS-DEL-PLAN-DE-DESARROLLO-EN-SU-TERRITORIO (1) PRESUPUESTO 2018 CEDULA GASTOS 31 DE DICIEMBRE DE 2018 FASE 1 PLANIFICACI\u00d3N Y FACILITACI\u00d3N DEL PROCESO DE RENDICI\u00d3N DE CUENTAS POR LA ASAMBLEA CIUDADANA FASE 2 EVALUACI\u00d3N DE LA GESTI\u00d3N Y ELABORACI\u00d3N DEL INFORME DE RENDICI\u00d3N DE CUENTAS FASE 3 DELIBERACI\u00d3N P\u00daBLICA Y EVALUACI\u00d3N CIUDADANA DEL INFORME DE RENDICI\u00d3N DE CUENTAS\" \/>\n<meta property=\"og:url\" content=\"https:\/\/gadllacao.gob.ec\/azuay\/rendicion-de-cuentas-2018\/\" \/>\n<meta property=\"og:site_name\" content=\"GAD parroquial Llacao\" \/>\n<meta property=\"article:modified_time\" content=\"2019-05-14T02:38:00+00:00\" \/>\n<meta name=\"twitter:card\" content=\"summary_large_image\" \/>\n<script type=\"application\/ld+json\" class=\"yoast-schema-graph\">{\"@context\":\"https:\/\/schema.org\",\"@graph\":[{\"@type\":\"WebPage\",\"@id\":\"https:\/\/gadllacao.gob.ec\/azuay\/rendicion-de-cuentas-2018\/\",\"url\":\"https:\/\/gadllacao.gob.ec\/azuay\/rendicion-de-cuentas-2018\/\",\"name\":\"Rendici\u00f3n de Cuentas 2018 - GAD parroquial Llacao\",\"isPartOf\":{\"@id\":\"https:\/\/gadllacao.gob.ec\/azuay\/#website\"},\"datePublished\":\"2017-12-20T16:14:02+00:00\",\"dateModified\":\"2019-05-14T02:38:00+00:00\",\"breadcrumb\":{\"@id\":\"https:\/\/gadllacao.gob.ec\/azuay\/rendicion-de-cuentas-2018\/#breadcrumb\"},\"inLanguage\":\"es\",\"potentialAction\":[{\"@type\":\"ReadAction\",\"target\":[\"https:\/\/gadllacao.gob.ec\/azuay\/rendicion-de-cuentas-2018\/\"]}]},{\"@type\":\"BreadcrumbList\",\"@id\":\"https:\/\/gadllacao.gob.ec\/azuay\/rendicion-de-cuentas-2018\/#breadcrumb\",\"itemListElement\":[{\"@type\":\"ListItem\",\"position\":1,\"name\":\"Portada\",\"item\":\"https:\/\/gadllacao.gob.ec\/azuay\/\"},{\"@type\":\"ListItem\",\"position\":2,\"name\":\"Rendici\u00f3n de Cuentas 2018\"}]},{\"@type\":\"WebSite\",\"@id\":\"https:\/\/gadllacao.gob.ec\/azuay\/#website\",\"url\":\"https:\/\/gadllacao.gob.ec\/azuay\/\",\"name\":\"GAD parroquial Llacao\",\"description\":\"Sitio Oficial del GAD Parroquial Mariano Moreno Azuay\",\"publisher\":{\"@id\":\"https:\/\/gadllacao.gob.ec\/azuay\/#organization\"},\"potentialAction\":[{\"@type\":\"SearchAction\",\"target\":{\"@type\":\"EntryPoint\",\"urlTemplate\":\"https:\/\/gadllacao.gob.ec\/azuay\/?s={search_term_string}\"},\"query-input\":{\"@type\":\"PropertyValueSpecification\",\"valueRequired\":true,\"valueName\":\"search_term_string\"}}],\"inLanguage\":\"es\"},{\"@type\":\"Organization\",\"@id\":\"https:\/\/gadllacao.gob.ec\/azuay\/#organization\",\"name\":\"GAD Llacao Azuay\",\"url\":\"https:\/\/gadllacao.gob.ec\/azuay\/\",\"logo\":{\"@type\":\"ImageObject\",\"inLanguage\":\"es\",\"@id\":\"https:\/\/gadllacao.gob.ec\/azuay\/#\/schema\/logo\/image\/\",\"url\":\"https:\/\/gadllacao.gob.ec\/azuay\/wp-content\/uploads\/2020\/06\/logoFooter.png\",\"contentUrl\":\"https:\/\/gadllacao.gob.ec\/azuay\/wp-content\/uploads\/2020\/06\/logoFooter.png\",\"width\":200,\"height\":150,\"caption\":\"GAD Llacao Azuay\"},\"image\":{\"@id\":\"https:\/\/gadllacao.gob.ec\/azuay\/#\/schema\/logo\/image\/\"}}]}<\/script>\n<!-- \/ Yoast SEO plugin. -->","yoast_head_json":{"title":"Rendici\u00f3n de Cuentas 2018 - GAD parroquial Llacao","robots":{"index":"index","follow":"follow","max-snippet":"max-snippet:-1","max-image-preview":"max-image-preview:large","max-video-preview":"max-video-preview:-1"},"canonical":"https:\/\/gadllacao.gob.ec\/azuay\/rendicion-de-cuentas-2018\/","og_locale":"es_ES","og_type":"article","og_title":"Rendici\u00f3n de Cuentas 2018 - GAD parroquial Llacao","og_description":"ACTA-CONFORMACI\u00d3N-ASAMBLEA-CIUDADANA.. OBJETIVOS-DEL-PLAN-DE-DESARROLLO-EN-SU-TERRITORIO (1) PRESUPUESTO 2018 CEDULA GASTOS 31 DE DICIEMBRE DE 2018 FASE 1 PLANIFICACI\u00d3N Y FACILITACI\u00d3N DEL PROCESO DE RENDICI\u00d3N DE CUENTAS POR LA ASAMBLEA CIUDADANA FASE 2 EVALUACI\u00d3N DE LA GESTI\u00d3N Y ELABORACI\u00d3N DEL INFORME DE RENDICI\u00d3N DE CUENTAS FASE 3 DELIBERACI\u00d3N P\u00daBLICA Y EVALUACI\u00d3N CIUDADANA DEL INFORME DE RENDICI\u00d3N DE CUENTAS","og_url":"https:\/\/gadllacao.gob.ec\/azuay\/rendicion-de-cuentas-2018\/","og_site_name":"GAD parroquial Llacao","article_modified_time":"2019-05-14T02:38:00+00:00","twitter_card":"summary_large_image","schema":{"@context":"https:\/\/schema.org","@graph":[{"@type":"WebPage","@id":"https:\/\/gadllacao.gob.ec\/azuay\/rendicion-de-cuentas-2018\/","url":"https:\/\/gadllacao.gob.ec\/azuay\/rendicion-de-cuentas-2018\/","name":"Rendici\u00f3n de Cuentas 2018 - GAD parroquial Llacao","isPartOf":{"@id":"https:\/\/gadllacao.gob.ec\/azuay\/#website"},"datePublished":"2017-12-20T16:14:02+00:00","dateModified":"2019-05-14T02:38:00+00:00","breadcrumb":{"@id":"https:\/\/gadllacao.gob.ec\/azuay\/rendicion-de-cuentas-2018\/#breadcrumb"},"inLanguage":"es","potentialAction":[{"@type":"ReadAction","target":["https:\/\/gadllacao.gob.ec\/azuay\/rendicion-de-cuentas-2018\/"]}]},{"@type":"BreadcrumbList","@id":"https:\/\/gadllacao.gob.ec\/azuay\/rendicion-de-cuentas-2018\/#breadcrumb","itemListElement":[{"@type":"ListItem","position":1,"name":"Portada","item":"https:\/\/gadllacao.gob.ec\/azuay\/"},{"@type":"ListItem","position":2,"name":"Rendici\u00f3n de Cuentas 2018"}]},{"@type":"WebSite","@id":"https:\/\/gadllacao.gob.ec\/azuay\/#website","url":"https:\/\/gadllacao.gob.ec\/azuay\/","name":"GAD parroquial Llacao","description":"Sitio Oficial del GAD Parroquial Mariano Moreno Azuay","publisher":{"@id":"https:\/\/gadllacao.gob.ec\/azuay\/#organization"},"potentialAction":[{"@type":"SearchAction","target":{"@type":"EntryPoint","urlTemplate":"https:\/\/gadllacao.gob.ec\/azuay\/?s={search_term_string}"},"query-input":{"@type":"PropertyValueSpecification","valueRequired":true,"valueName":"search_term_string"}}],"inLanguage":"es"},{"@type":"Organization","@id":"https:\/\/gadllacao.gob.ec\/azuay\/#organization","name":"GAD Llacao Azuay","url":"https:\/\/gadllacao.gob.ec\/azuay\/","logo":{"@type":"ImageObject","inLanguage":"es","@id":"https:\/\/gadllacao.gob.ec\/azuay\/#\/schema\/logo\/image\/","url":"https:\/\/gadllacao.gob.ec\/azuay\/wp-content\/uploads\/2020\/06\/logoFooter.png","contentUrl":"https:\/\/gadllacao.gob.ec\/azuay\/wp-content\/uploads\/2020\/06\/logoFooter.png","width":200,"height":150,"caption":"GAD Llacao Azuay"},"image":{"@id":"https:\/\/gadllacao.gob.ec\/azuay\/#\/schema\/logo\/image\/"}}]}},"_links":{"self":[{"href":"https:\/\/gadllacao.gob.ec\/azuay\/wp-json\/wp\/v2\/pages\/804","targetHints":{"allow":["GET"]}}],"collection":[{"href":"https:\/\/gadllacao.gob.ec\/azuay\/wp-json\/wp\/v2\/pages"}],"about":[{"href":"https:\/\/gadllacao.gob.ec\/azuay\/wp-json\/wp\/v2\/types\/page"}],"author":[{"embeddable":true,"href":"https:\/\/gadllacao.gob.ec\/azuay\/wp-json\/wp\/v2\/users\/7"}],"replies":[{"embeddable":true,"href":"https:\/\/gadllacao.gob.ec\/azuay\/wp-json\/wp\/v2\/comments?post=804"}],"version-history":[{"count":3,"href":"https:\/\/gadllacao.gob.ec\/azuay\/wp-json\/wp\/v2\/pages\/804\/revisions"}],"predecessor-version":[{"id":1318,"href":"https:\/\/gadllacao.gob.ec\/azuay\/wp-json\/wp\/v2\/pages\/804\/revisions\/1318"}],"wp:attachment":[{"href":"https:\/\/gadllacao.gob.ec\/azuay\/wp-json\/wp\/v2\/media?parent=804"}],"curies":[{"name":"wp","href":"https:\/\/api.w.org\/{rel}","templated":true}]}}